{"id":429,"date":"2020-11-18T11:34:47","date_gmt":"2020-11-18T10:34:47","guid":{"rendered":"http:\/\/www.cavigneaux.be\/wabisabi\/?page_id=429"},"modified":"2020-11-18T12:07:46","modified_gmt":"2020-11-18T11:07:46","slug":"points-de-vente","status":"publish","type":"page","link":"http:\/\/www.cavigneaux.be\/wabisabi\/index.php\/points-de-vente\/","title":{"rendered":"Points de Vente"},"content":{"rendered":"\t\t<div data-elementor-type=\"wp-page\" data-elementor-id=\"429\" class=\"elementor elementor-429\" data-elementor-settings=\"[]\">\n\t\t\t\t\t\t<div class=\"elementor-inner\">\n\t\t\t\t\t\t\t<div class=\"elementor-section-wrap\">\n\t\t\t\t\t\t\t<section class=\"elementor-section elementor-top-section elementor-element elementor-element-db38dde elementor-section-boxed elementor-section-height-default elementor-section-height-default\" data-id=\"db38dde\" data-element_type=\"section\" data-settings=\"{&quot;ekit_has_onepagescroll_dot&quot;:&quot;yes&quot;}\">\n\t\t\t\t\t\t<div class=\"elementor-container elementor-column-gap-default\">\n\t\t\t\t\t\t\t<div class=\"elementor-row\">\n\t\t\t\t\t<div class=\"elementor-column elementor-col-100 elementor-top-column elementor-element elementor-element-eff5bcf\" data-id=\"eff5bcf\" data-element_type=\"column\">\n\t\t\t<div class=\"elementor-column-wrap elementor-element-populated\">\n\t\t\t\t\t\t\t<div class=\"elementor-widget-wrap\">\n\t\t\t\t\t\t<div class=\"elementor-element elementor-element-67440dc elementor-position-left elementor-vertical-align-top elementor-widget elementor-widget-image-box\" data-id=\"67440dc\" data-element_type=\"widget\" data-widget_type=\"image-box.default\">\n\t\t\t\t<div class=\"elementor-widget-container\">\n\t\t\t<div class=\"elementor-image-box-wrapper\"><figure class=\"elementor-image-box-img\"><a href=\"https:\/\/www.facebook.com\/wabisabiliege\/posts\/190325072550404\" target=\"_blank\"><img width=\"525\" height=\"700\" src=\"http:\/\/www.cavigneaux.be\/wabisabi\/wp-content\/uploads\/2020\/11\/119855577_190325005883744_4329963080209625363_o-768x1024.jpg\" class=\"attachment-medium_large size-medium_large\" alt=\"\" loading=\"lazy\" srcset=\"http:\/\/www.cavigneaux.be\/wabisabi\/wp-content\/uploads\/2020\/11\/119855577_190325005883744_4329963080209625363_o-768x1024.jpg 768w, http:\/\/www.cavigneaux.be\/wabisabi\/wp-content\/uploads\/2020\/11\/119855577_190325005883744_4329963080209625363_o-225x300.jpg 225w, http:\/\/www.cavigneaux.be\/wabisabi\/wp-content\/uploads\/2020\/11\/119855577_190325005883744_4329963080209625363_o-1152x1536.jpg 1152w, http:\/\/www.cavigneaux.be\/wabisabi\/wp-content\/uploads\/2020\/11\/119855577_190325005883744_4329963080209625363_o-600x800.jpg 600w, http:\/\/www.cavigneaux.be\/wabisabi\/wp-content\/uploads\/2020\/11\/119855577_190325005883744_4329963080209625363_o.jpg 1488w\" sizes=\"100vw\" \/><\/a><\/figure><div class=\"elementor-image-box-content\"><h2 class=\"elementor-image-box-title\"><a href=\"https:\/\/www.facebook.com\/wabisabiliege\/posts\/190325072550404\" target=\"_blank\">Wabi Sabi - Bar, boutique et \u00e9picerie japonaise<\/a><\/h2><p class=\"elementor-image-box-description\">Wabi Sabi est un concept unique \u00e0 Li\u00e8ge d\u2019un bar japonais d'une boutique et d'une \u00e9picerie.\n\nProfitez de l'espace tatami, toilettes japonaises et biblioth\u00e8que.\n\nArticles en boutique d'artisans japonais et tout ce qu'il faut pour cuisiner\n\n\u200b\n\nVous trouverez les produits Wabi Sabi chez Wabi Sabi<\/p><\/div><\/div>\t\t<\/div>\n\t\t\t\t<\/div>\n\t\t\t\t<div class=\"elementor-element elementor-element-c48147a elementor-position-left elementor-vertical-align-top elementor-widget elementor-widget-image-box\" data-id=\"c48147a\" data-element_type=\"widget\" data-widget_type=\"image-box.default\">\n\t\t\t\t<div class=\"elementor-widget-container\">\n\t\t\t<div class=\"elementor-image-box-wrapper\"><figure class=\"elementor-image-box-img\"><a href=\"https:\/\/www.facebook.com\/GoSensu\/photos\/a.377109133660434\/377109106993770\/\" target=\"_blank\"><img width=\"525\" height=\"525\" src=\"http:\/\/www.cavigneaux.be\/wabisabi\/wp-content\/uploads\/2020\/11\/121629269_377109110327103_4046591558704059248_o.jpg\" class=\"attachment-medium_large size-medium_large\" alt=\"\" loading=\"lazy\" srcset=\"http:\/\/www.cavigneaux.be\/wabisabi\/wp-content\/uploads\/2020\/11\/121629269_377109110327103_4046591558704059248_o.jpg 526w, http:\/\/www.cavigneaux.be\/wabisabi\/wp-content\/uploads\/2020\/11\/121629269_377109110327103_4046591558704059248_o-300x300.jpg 300w, http:\/\/www.cavigneaux.be\/wabisabi\/wp-content\/uploads\/2020\/11\/121629269_377109110327103_4046591558704059248_o-150x150.jpg 150w\" sizes=\"100vw\" \/><\/a><\/figure><div class=\"elementor-image-box-content\"><h2 class=\"elementor-image-box-title\"><a href=\"https:\/\/www.facebook.com\/GoSensu\/photos\/a.377109133660434\/377109106993770\/\" target=\"_blank\"> Bar GoSensu<\/a><\/h2><p class=\"elementor-image-box-description\">Venez D\u00e9couvrir le Bar GoSensu \u00e0 Namur et vous y trouverez mes mochis! Tout Homemade, Naturel, Zero culpa!<\/p><\/div><\/div>\t\t<\/div>\n\t\t\t\t<\/div>\n\t\t\t\t\t\t<\/div>\n\t\t\t\t\t<\/div>\n\t\t<\/div>\n\t\t\t\t\t\t\t\t<\/div>\n\t\t\t\t\t<\/div>\n\t\t<\/section>\n\t\t\t\t\t\t<\/div>\n\t\t\t\t\t\t<\/div>\n\t\t\t\t\t<\/div>\n\t\t","protected":false},"excerpt":{"rendered":"<p>Wabi Sabi &#8211; Bar, boutique et \u00e9picerie japonaise Wabi Sabi est un concept unique \u00e0 Li\u00e8ge d\u2019un bar japonais d&#8217;une boutique et d&#8217;une \u00e9picerie. Profitez de l&#8217;espace tatami, toilettes japonaises et biblioth\u00e8que. Articles en boutique d&#8217;artisans japonais et tout ce qu&#8217;il faut pour cuisiner \u200b Vous trouverez les produits Wabi Sabi chez Wabi Sabi Bar &hellip; <\/p>\n<p class=\"link-more\"><a href=\"http:\/\/www.cavigneaux.be\/wabisabi\/index.php\/points-de-vente\/\" class=\"more-link\">Continue reading<span class=\"screen-reader-text\"> &#8220;Points de Vente&#8221;<\/span><\/a><\/p>\n","protected":false},"author":1,"featured_media":0,"parent":0,"menu_order":0,"comment_status":"closed","ping_status":"closed","template":"","meta":[],"yoast_head":"<!-- This site is optimized with the Yoast SEO plugin v15.3 - https:\/\/yoast.com\/wordpress\/plugins\/seo\/ -->\n<title>Points de Vente - Wabi.Sabi<\/title>\n<meta name=\"robots\" content=\"index, follow, max-snippet:-1, max-image-preview:large, max-video-preview:-1\" \/>\n<link rel=\"canonical\" href=\"http:\/\/www.cavigneaux.be\/wabisabi\/index.php\/points-de-vente\/\" \/>\n<meta property=\"og:locale\" content=\"en_US\" \/>\n<meta property=\"og:type\" content=\"article\" \/>\n<meta property=\"og:title\" content=\"Points de Vente - Wabi.Sabi\" \/>\n<meta property=\"og:description\" content=\"Wabi Sabi &#8211; Bar, boutique et \u00e9picerie japonaise Wabi Sabi est un concept unique \u00e0 Li\u00e8ge d\u2019un bar japonais d&#8217;une boutique et d&#8217;une \u00e9picerie. Profitez de l&#8217;espace tatami, toilettes japonaises et biblioth\u00e8que. Articles en boutique d&#8217;artisans japonais et tout ce qu&#8217;il faut pour cuisiner \u200b Vous trouverez les produits Wabi Sabi chez Wabi Sabi Bar &hellip; Continue reading &quot;Points de Vente&quot;\" \/>\n<meta property=\"og:url\" content=\"http:\/\/www.cavigneaux.be\/wabisabi\/index.php\/points-de-vente\/\" \/>\n<meta property=\"og:site_name\" content=\"Wabi.Sabi\" \/>\n<meta property=\"article:modified_time\" content=\"2020-11-18T11:07:46+00:00\" \/>\n<meta property=\"og:image\" content=\"http:\/\/www.cavigneaux.be\/wabisabi\/wp-content\/uploads\/2020\/11\/119855577_190325005883744_4329963080209625363_o-768x1024.jpg\" \/>\n<meta name=\"twitter:card\" content=\"summary_large_image\" \/>\n<meta name=\"twitter:label1\" content=\"Written by\">\n\t<meta name=\"twitter:data1\" content=\"christophe\">\n\t<meta name=\"twitter:label2\" content=\"Est. reading time\">\n\t<meta name=\"twitter:data2\" content=\"0 minutes\">\n<script type=\"application\/ld+json\" class=\"yoast-schema-graph\">{\"@context\":\"https:\/\/schema.org\",\"@graph\":[{\"@type\":\"WebSite\",\"@id\":\"http:\/\/www.cavigneaux.be\/wabisabi\/#website\",\"url\":\"http:\/\/www.cavigneaux.be\/wabisabi\/\",\"name\":\"Wabi.Sabi\",\"description\":\"Cuisine sant\\u00e9 s&#039;inspirant de la cuisine japonaise.\",\"potentialAction\":[{\"@type\":\"SearchAction\",\"target\":\"http:\/\/www.cavigneaux.be\/wabisabi\/?s={search_term_string}\",\"query-input\":\"required name=search_term_string\"}],\"inLanguage\":\"en-US\"},{\"@type\":\"ImageObject\",\"@id\":\"http:\/\/www.cavigneaux.be\/wabisabi\/index.php\/points-de-vente\/#primaryimage\",\"inLanguage\":\"en-US\",\"url\":\"http:\/\/www.cavigneaux.be\/wabisabi\/wp-content\/uploads\/2020\/11\/119855577_190325005883744_4329963080209625363_o.jpg\",\"width\":1488,\"height\":1984},{\"@type\":\"WebPage\",\"@id\":\"http:\/\/www.cavigneaux.be\/wabisabi\/index.php\/points-de-vente\/#webpage\",\"url\":\"http:\/\/www.cavigneaux.be\/wabisabi\/index.php\/points-de-vente\/\",\"name\":\"Points de Vente - Wabi.Sabi\",\"isPartOf\":{\"@id\":\"http:\/\/www.cavigneaux.be\/wabisabi\/#website\"},\"primaryImageOfPage\":{\"@id\":\"http:\/\/www.cavigneaux.be\/wabisabi\/index.php\/points-de-vente\/#primaryimage\"},\"datePublished\":\"2020-11-18T10:34:47+00:00\",\"dateModified\":\"2020-11-18T11:07:46+00:00\",\"inLanguage\":\"en-US\",\"potentialAction\":[{\"@type\":\"ReadAction\",\"target\":[\"http:\/\/www.cavigneaux.be\/wabisabi\/index.php\/points-de-vente\/\"]}]}]}<\/script>\n<!-- \/ Yoast SEO plugin. -->","_links":{"self":[{"href":"http:\/\/www.cavigneaux.be\/wabisabi\/index.php\/wp-json\/wp\/v2\/pages\/429"}],"collection":[{"href":"http:\/\/www.cavigneaux.be\/wabisabi\/index.php\/wp-json\/wp\/v2\/pages"}],"about":[{"href":"http:\/\/www.cavigneaux.be\/wabisabi\/index.php\/wp-json\/wp\/v2\/types\/page"}],"author":[{"embeddable":true,"href":"http:\/\/www.cavigneaux.be\/wabisabi\/index.php\/wp-json\/wp\/v2\/users\/1"}],"replies":[{"embeddable":true,"href":"http:\/\/www.cavigneaux.be\/wabisabi\/index.php\/wp-json\/wp\/v2\/comments?post=429"}],"version-history":[{"count":22,"href":"http:\/\/www.cavigneaux.be\/wabisabi\/index.php\/wp-json\/wp\/v2\/pages\/429\/revisions"}],"predecessor-version":[{"id":453,"href":"http:\/\/www.cavigneaux.be\/wabisabi\/index.php\/wp-json\/wp\/v2\/pages\/429\/revisions\/453"}],"wp:attachment":[{"href":"http:\/\/www.cavigneaux.be\/wabisabi\/index.php\/wp-json\/wp\/v2\/media?parent=429"}],"curies":[{"name":"wp","href":"https:\/\/api.w.org\/{rel}","templated":true}]}}