{"id":571,"date":"2020-11-19T17:30:51","date_gmt":"2020-11-19T16:30:51","guid":{"rendered":"http:\/\/www.cavigneaux.be\/wabisabi\/index.php\/produits-2\/"},"modified":"2020-12-12T08:07:11","modified_gmt":"2020-12-12T07:07:11","slug":"produits-2","status":"publish","type":"page","link":"http:\/\/www.cavigneaux.be\/wabisabi\/index.php\/produits-2\/","title":{"rendered":"Produits"},"content":{"rendered":"\n<div class=\"wp-block-media-text alignwide is-stacked-on-mobile is-vertically-aligned-center is-image-fill\" style=\"grid-template-columns:38% auto\"><figure class=\"wp-block-media-text__media\" style=\"background-image:url(http:\/\/www.cavigneaux.be\/wabisabi\/wp-content\/uploads\/2020\/11\/89172089_144431143705165_9154944119678697472_o-e1605694039801-1024x883.jpg);background-position:50% 50%\"><img loading=\"lazy\" width=\"1024\" height=\"883\" src=\"http:\/\/www.cavigneaux.be\/wabisabi\/wp-content\/uploads\/2020\/11\/89172089_144431143705165_9154944119678697472_o-e1605694039801-1024x883.jpg\" alt=\"\" class=\"wp-image-395 size-full\" srcset=\"http:\/\/www.cavigneaux.be\/wabisabi\/wp-content\/uploads\/2020\/11\/89172089_144431143705165_9154944119678697472_o-e1605694039801-1024x883.jpg 1024w, http:\/\/www.cavigneaux.be\/wabisabi\/wp-content\/uploads\/2020\/11\/89172089_144431143705165_9154944119678697472_o-e1605694039801-300x259.jpg 300w, http:\/\/www.cavigneaux.be\/wabisabi\/wp-content\/uploads\/2020\/11\/89172089_144431143705165_9154944119678697472_o-e1605694039801-768x662.jpg 768w, http:\/\/www.cavigneaux.be\/wabisabi\/wp-content\/uploads\/2020\/11\/89172089_144431143705165_9154944119678697472_o-e1605694039801-600x517.jpg 600w, http:\/\/www.cavigneaux.be\/wabisabi\/wp-content\/uploads\/2020\/11\/89172089_144431143705165_9154944119678697472_o-e1605694039801.jpg 1439w\" sizes=\"(max-width: 706px) 89vw, (max-width: 767px) 82vw, 740px\" \/><\/figure><div class=\"wp-block-media-text__content\">\n<h2><a href=\"http:\/\/www.cavigneaux.be\/wabisabi\/index.php\/produits-2\/671-2\/\" target=\"_blank\" rel=\"noreferrer noopener\">Mochis<\/a><\/h2>\n\n\n\n<p class=\"has-text-align-left\">Nos mochis sont confectionn\u00e9s \u00e0 bases d\u2019ingr\u00e9dients principalement bios et d\u2019origine naturelle.<br>Nos mochis sont de composition 100% v\u00e9g\u00e9tale &amp; exempts de conservateurs.<br>Nos mochis sont confectionn\u00e9s artisanalement dans notre atelier a Walhain, Belgique.<br>Nous nous effor\u00e7ons dans chacune de nos actions et prises de d\u00e9cisions \u00e0 penser d\u2019abord \u00e0 notre plan\u00e8te.<\/p>\n<\/div><\/div>\n\n\n\n<hr class=\"wp-block-separator\"\/>\n\n\n\n<div class=\"wp-block-media-text alignwide is-stacked-on-mobile is-image-fill\" style=\"grid-template-columns:37% auto\"><figure class=\"wp-block-media-text__media\" style=\"background-image:url(http:\/\/www.cavigneaux.be\/wabisabi\/wp-content\/uploads\/2020\/11\/121440930_201623361319276_7888095165230255731_o-576x1024.jpg);background-position:50% 50%\"><img loading=\"lazy\" width=\"576\" height=\"1024\" src=\"http:\/\/www.cavigneaux.be\/wabisabi\/wp-content\/uploads\/2020\/11\/121440930_201623361319276_7888095165230255731_o-576x1024.jpg\" alt=\"\" class=\"wp-image-408 size-full\" srcset=\"http:\/\/www.cavigneaux.be\/wabisabi\/wp-content\/uploads\/2020\/11\/121440930_201623361319276_7888095165230255731_o-576x1024.jpg 576w, http:\/\/www.cavigneaux.be\/wabisabi\/wp-content\/uploads\/2020\/11\/121440930_201623361319276_7888095165230255731_o-169x300.jpg 169w, http:\/\/www.cavigneaux.be\/wabisabi\/wp-content\/uploads\/2020\/11\/121440930_201623361319276_7888095165230255731_o-768x1366.jpg 768w, http:\/\/www.cavigneaux.be\/wabisabi\/wp-content\/uploads\/2020\/11\/121440930_201623361319276_7888095165230255731_o-864x1536.jpg 864w, http:\/\/www.cavigneaux.be\/wabisabi\/wp-content\/uploads\/2020\/11\/121440930_201623361319276_7888095165230255731_o-600x1067.jpg 600w, http:\/\/www.cavigneaux.be\/wabisabi\/wp-content\/uploads\/2020\/11\/121440930_201623361319276_7888095165230255731_o.jpg 1133w\" sizes=\"(max-width: 576px) 100vw, 576px\" \/><\/figure><div class=\"wp-block-media-text__content\">\n<h2><a href=\"http:\/\/www.cavigneaux.be\/wabisabi\/index.php\/produits-2\/mizo\/\" target=\"_blank\" rel=\"noreferrer noopener\">Mizo<\/a><\/h2>\n\n\n\n<p class=\"has-text-align-left\">Nos mochis sont confectionn\u00e9s \u00e0 bases d\u2019ingr\u00e9dients principalement bios et d\u2019origine naturelle.<br>Nos mochis sont de composition 100% v\u00e9g\u00e9tale &amp; exempts de conservateurs.<br>Nos mochis sont confectionn\u00e9s artisanalement dans notre atelier a Walhain, Belgique.<br>Nous nous effor\u00e7ons dans chacune de nos actions et prises de d\u00e9cisions \u00e0 penser d\u2019abord \u00e0 notre plan\u00e8te.<\/p>\n<\/div><\/div>\n\n\n\n<hr class=\"wp-block-separator\"\/>\n","protected":false},"excerpt":{"rendered":"<p>Mochis Nos mochis sont confectionn\u00e9s \u00e0 bases d\u2019ingr\u00e9dients principalement bios et d\u2019origine naturelle.Nos mochis sont de composition 100% v\u00e9g\u00e9tale &amp; exempts de conservateurs.Nos mochis sont confectionn\u00e9s artisanalement dans notre atelier a Walhain, Belgique.Nous nous effor\u00e7ons dans chacune de nos actions et prises de d\u00e9cisions \u00e0 penser d\u2019abord \u00e0 notre plan\u00e8te. Mizo Nos mochis sont confectionn\u00e9s &hellip; <\/p>\n<p class=\"link-more\"><a href=\"http:\/\/www.cavigneaux.be\/wabisabi\/index.php\/produits-2\/\" class=\"more-link\">Continue reading<span class=\"screen-reader-text\"> &#8220;Produits&#8221;<\/span><\/a><\/p>\n","protected":false},"author":1,"featured_media":0,"parent":0,"menu_order":0,"comment_status":"closed","ping_status":"closed","template":"","meta":[],"yoast_head":"<!-- This site is optimized with the Yoast SEO plugin v15.3 - https:\/\/yoast.com\/wordpress\/plugins\/seo\/ -->\n<title>Produits - Wabi.Sabi<\/title>\n<meta name=\"robots\" content=\"index, follow, max-snippet:-1, max-image-preview:large, max-video-preview:-1\" \/>\n<link rel=\"canonical\" href=\"http:\/\/www.cavigneaux.be\/wabisabi\/index.php\/produits-2\/\" \/>\n<meta property=\"og:locale\" content=\"en_US\" \/>\n<meta property=\"og:type\" content=\"article\" \/>\n<meta property=\"og:title\" content=\"Produits - Wabi.Sabi\" \/>\n<meta property=\"og:description\" content=\"Mochis Nos mochis sont confectionn\u00e9s \u00e0 bases d\u2019ingr\u00e9dients principalement bios et d\u2019origine naturelle.Nos mochis sont de composition 100% v\u00e9g\u00e9tale &amp; exempts de conservateurs.Nos mochis sont confectionn\u00e9s artisanalement dans notre atelier a Walhain, Belgique.Nous nous effor\u00e7ons dans chacune de nos actions et prises de d\u00e9cisions \u00e0 penser d\u2019abord \u00e0 notre plan\u00e8te. Mizo Nos mochis sont confectionn\u00e9s &hellip; Continue reading &quot;Produits&quot;\" \/>\n<meta property=\"og:url\" content=\"http:\/\/www.cavigneaux.be\/wabisabi\/index.php\/produits-2\/\" \/>\n<meta property=\"og:site_name\" content=\"Wabi.Sabi\" \/>\n<meta property=\"article:modified_time\" content=\"2020-12-12T07:07:11+00:00\" \/>\n<meta property=\"og:image\" content=\"http:\/\/www.cavigneaux.be\/wabisabi\/wp-content\/uploads\/2020\/11\/89172089_144431143705165_9154944119678697472_o-e1605694039801-1024x883.jpg\" \/>\n<meta name=\"twitter:card\" content=\"summary_large_image\" \/>\n<meta name=\"twitter:label1\" content=\"Written by\">\n\t<meta name=\"twitter:data1\" content=\"christophe\">\n\t<meta name=\"twitter:label2\" content=\"Est. reading time\">\n\t<meta name=\"twitter:data2\" content=\"0 minutes\">\n<script type=\"application\/ld+json\" class=\"yoast-schema-graph\">{\"@context\":\"https:\/\/schema.org\",\"@graph\":[{\"@type\":\"WebSite\",\"@id\":\"http:\/\/www.cavigneaux.be\/wabisabi\/#website\",\"url\":\"http:\/\/www.cavigneaux.be\/wabisabi\/\",\"name\":\"Wabi.Sabi\",\"description\":\"Cuisine sant\\u00e9 s&#039;inspirant de la cuisine japonaise.\",\"potentialAction\":[{\"@type\":\"SearchAction\",\"target\":\"http:\/\/www.cavigneaux.be\/wabisabi\/?s={search_term_string}\",\"query-input\":\"required name=search_term_string\"}],\"inLanguage\":\"en-US\"},{\"@type\":\"ImageObject\",\"@id\":\"http:\/\/www.cavigneaux.be\/wabisabi\/index.php\/produits-2\/#primaryimage\",\"inLanguage\":\"en-US\",\"url\":\"http:\/\/www.cavigneaux.be\/wabisabi\/wp-content\/uploads\/2020\/11\/89172089_144431143705165_9154944119678697472_o-e1605694039801.jpg\",\"width\":1439,\"height\":1241},{\"@type\":\"WebPage\",\"@id\":\"http:\/\/www.cavigneaux.be\/wabisabi\/index.php\/produits-2\/#webpage\",\"url\":\"http:\/\/www.cavigneaux.be\/wabisabi\/index.php\/produits-2\/\",\"name\":\"Produits - Wabi.Sabi\",\"isPartOf\":{\"@id\":\"http:\/\/www.cavigneaux.be\/wabisabi\/#website\"},\"primaryImageOfPage\":{\"@id\":\"http:\/\/www.cavigneaux.be\/wabisabi\/index.php\/produits-2\/#primaryimage\"},\"datePublished\":\"2020-11-19T16:30:51+00:00\",\"dateModified\":\"2020-12-12T07:07:11+00:00\",\"inLanguage\":\"en-US\",\"potentialAction\":[{\"@type\":\"ReadAction\",\"target\":[\"http:\/\/www.cavigneaux.be\/wabisabi\/index.php\/produits-2\/\"]}]}]}<\/script>\n<!-- \/ Yoast SEO plugin. -->","_links":{"self":[{"href":"http:\/\/www.cavigneaux.be\/wabisabi\/index.php\/wp-json\/wp\/v2\/pages\/571"}],"collection":[{"href":"http:\/\/www.cavigneaux.be\/wabisabi\/index.php\/wp-json\/wp\/v2\/pages"}],"about":[{"href":"http:\/\/www.cavigneaux.be\/wabisabi\/index.php\/wp-json\/wp\/v2\/types\/page"}],"author":[{"embeddable":true,"href":"http:\/\/www.cavigneaux.be\/wabisabi\/index.php\/wp-json\/wp\/v2\/users\/1"}],"replies":[{"embeddable":true,"href":"http:\/\/www.cavigneaux.be\/wabisabi\/index.php\/wp-json\/wp\/v2\/comments?post=571"}],"version-history":[{"count":31,"href":"http:\/\/www.cavigneaux.be\/wabisabi\/index.php\/wp-json\/wp\/v2\/pages\/571\/revisions"}],"predecessor-version":[{"id":1032,"href":"http:\/\/www.cavigneaux.be\/wabisabi\/index.php\/wp-json\/wp\/v2\/pages\/571\/revisions\/1032"}],"wp:attachment":[{"href":"http:\/\/www.cavigneaux.be\/wabisabi\/index.php\/wp-json\/wp\/v2\/media?parent=571"}],"curies":[{"name":"wp","href":"https:\/\/api.w.org\/{rel}","templated":true}]}}