{"id":622,"date":"2020-11-28T17:04:16","date_gmt":"2020-11-28T16:04:16","guid":{"rendered":"http:\/\/www.cavigneaux.be\/wabisabi\/?page_id=622"},"modified":"2020-12-23T19:36:30","modified_gmt":"2020-12-23T18:36:30","slug":"actualites","status":"publish","type":"page","link":"http:\/\/www.cavigneaux.be\/wabisabi\/index.php\/actualites\/","title":{"rendered":"Actualit\u00e9s"},"content":{"rendered":"\t\t<div data-elementor-type=\"wp-page\" data-elementor-id=\"622\" class=\"elementor elementor-622\" data-elementor-settings=\"[]\">\n\t\t\t\t\t\t<div class=\"elementor-inner\">\n\t\t\t\t\t\t\t<div class=\"elementor-section-wrap\">\n\t\t\t\t\t\t\t<section class=\"elementor-section elementor-top-section elementor-element elementor-element-3c9265f elementor-section-stretched elementor-section-boxed elementor-section-height-default elementor-section-height-default\" data-id=\"3c9265f\" data-element_type=\"section\" data-settings=\"{&quot;stretch_section&quot;:&quot;section-stretched&quot;,&quot;ekit_has_onepagescroll_dot&quot;:&quot;yes&quot;}\">\n\t\t\t\t\t\t<div class=\"elementor-container elementor-column-gap-default\">\n\t\t\t\t\t\t\t<div class=\"elementor-row\">\n\t\t\t\t\t<div class=\"elementor-column elementor-col-100 elementor-top-column elementor-element elementor-element-7c0f9e2\" data-id=\"7c0f9e2\" data-element_type=\"column\">\n\t\t\t<div class=\"elementor-column-wrap elementor-element-populated\">\n\t\t\t\t\t\t\t<div class=\"elementor-widget-wrap\">\n\t\t\t\t\t\t<div class=\"elementor-element elementor-element-429be28 elementor-widget elementor-widget-eael-facebook-feed\" data-id=\"429be28\" data-element_type=\"widget\" data-widget_type=\"eael-facebook-feed.default\">\n\t\t\t\t<div class=\"elementor-widget-container\">\n\t\t\t<div id=\"eael-facebook-feed-429be28\" class=\"eael-facebook-feed eael-col-2 eael-facebook-feed-card\">\n            \n        <\/div>\n        <div class=\"clearfix\"><\/div>\t\t<\/div>\n\t\t\t\t<\/div>\n\t\t\t\t\t\t<\/div>\n\t\t\t\t\t<\/div>\n\t\t<\/div>\n\t\t\t\t\t\t\t\t<\/div>\n\t\t\t\t\t<\/div>\n\t\t<\/section>\n\t\t\t\t\t\t<\/div>\n\t\t\t\t\t\t<\/div>\n\t\t\t\t\t<\/div>\n\t\t","protected":false},"excerpt":{"rendered":"<p>Taste&#038;Drink 16 Dec 2020 Coucou 0 0 Taste&#038;Drink 12 Dec 2020 Taste&amp;Drink a ajout\u00e9 un \u00e9v\u00e8nement. 0 0 Taste&#038;Drink 01 Dec 2020 Bient\u00f4t une pr\u00e9sentation sur les vins Bio&#8230; 0 0 Taste&#038;Drink 28 Nov 2020 Le beaujolais nouveau est d\u00e9j\u00e0 pass\u00e9, voici le temps de&#8230; 0 0<\/p>\n","protected":false},"author":1,"featured_media":0,"parent":0,"menu_order":0,"comment_status":"closed","ping_status":"closed","template":"","meta":[],"yoast_head":"<!-- This site is optimized with the Yoast SEO plugin v15.3 - https:\/\/yoast.com\/wordpress\/plugins\/seo\/ -->\n<title>Actualit\u00e9s - Wabi.Sabi<\/title>\n<meta name=\"robots\" content=\"index, follow, max-snippet:-1, max-image-preview:large, max-video-preview:-1\" \/>\n<link rel=\"canonical\" href=\"http:\/\/www.cavigneaux.be\/wabisabi\/index.php\/actualites\/\" \/>\n<meta property=\"og:locale\" content=\"en_US\" \/>\n<meta property=\"og:type\" content=\"article\" \/>\n<meta property=\"og:title\" content=\"Actualit\u00e9s - Wabi.Sabi\" \/>\n<meta property=\"og:description\" content=\"Taste&#038;Drink 16 Dec 2020 Coucou 0 0 Taste&#038;Drink 12 Dec 2020 Taste&amp;Drink a ajout\u00e9 un \u00e9v\u00e8nement. 0 0 Taste&#038;Drink 01 Dec 2020 Bient\u00f4t une pr\u00e9sentation sur les vins Bio&#8230; 0 0 Taste&#038;Drink 28 Nov 2020 Le beaujolais nouveau est d\u00e9j\u00e0 pass\u00e9, voici le temps de&#8230; 0 0\" \/>\n<meta property=\"og:url\" content=\"http:\/\/www.cavigneaux.be\/wabisabi\/index.php\/actualites\/\" \/>\n<meta property=\"og:site_name\" content=\"Wabi.Sabi\" \/>\n<meta property=\"article:modified_time\" content=\"2020-12-23T18:36:30+00:00\" \/>\n<meta property=\"og:image\" content=\"https:\/\/graph.facebook.com\/v4.0\/102035771752351\/picture\" \/>\n<meta name=\"twitter:card\" content=\"summary_large_image\" \/>\n<meta name=\"twitter:label1\" content=\"Written by\">\n\t<meta name=\"twitter:data1\" content=\"christophe\">\n\t<meta name=\"twitter:label2\" content=\"Est. reading time\">\n\t<meta name=\"twitter:data2\" content=\"0 minutes\">\n<script type=\"application\/ld+json\" class=\"yoast-schema-graph\">{\"@context\":\"https:\/\/schema.org\",\"@graph\":[{\"@type\":\"WebSite\",\"@id\":\"http:\/\/www.cavigneaux.be\/wabisabi\/#website\",\"url\":\"http:\/\/www.cavigneaux.be\/wabisabi\/\",\"name\":\"Wabi.Sabi\",\"description\":\"Cuisine sant\\u00e9 s&#039;inspirant de la cuisine japonaise.\",\"potentialAction\":[{\"@type\":\"SearchAction\",\"target\":\"http:\/\/www.cavigneaux.be\/wabisabi\/?s={search_term_string}\",\"query-input\":\"required name=search_term_string\"}],\"inLanguage\":\"en-US\"},{\"@type\":\"ImageObject\",\"@id\":\"http:\/\/www.cavigneaux.be\/wabisabi\/index.php\/actualites\/#primaryimage\",\"inLanguage\":\"en-US\",\"url\":\"https:\/\/graph.facebook.com\/v4.0\/102035771752351\/picture\"},{\"@type\":\"WebPage\",\"@id\":\"http:\/\/www.cavigneaux.be\/wabisabi\/index.php\/actualites\/#webpage\",\"url\":\"http:\/\/www.cavigneaux.be\/wabisabi\/index.php\/actualites\/\",\"name\":\"Actualit\\u00e9s - Wabi.Sabi\",\"isPartOf\":{\"@id\":\"http:\/\/www.cavigneaux.be\/wabisabi\/#website\"},\"primaryImageOfPage\":{\"@id\":\"http:\/\/www.cavigneaux.be\/wabisabi\/index.php\/actualites\/#primaryimage\"},\"datePublished\":\"2020-11-28T16:04:16+00:00\",\"dateModified\":\"2020-12-23T18:36:30+00:00\",\"inLanguage\":\"en-US\",\"potentialAction\":[{\"@type\":\"ReadAction\",\"target\":[\"http:\/\/www.cavigneaux.be\/wabisabi\/index.php\/actualites\/\"]}]}]}<\/script>\n<!-- \/ Yoast SEO plugin. -->","_links":{"self":[{"href":"http:\/\/www.cavigneaux.be\/wabisabi\/index.php\/wp-json\/wp\/v2\/pages\/622"}],"collection":[{"href":"http:\/\/www.cavigneaux.be\/wabisabi\/index.php\/wp-json\/wp\/v2\/pages"}],"about":[{"href":"http:\/\/www.cavigneaux.be\/wabisabi\/index.php\/wp-json\/wp\/v2\/types\/page"}],"author":[{"embeddable":true,"href":"http:\/\/www.cavigneaux.be\/wabisabi\/index.php\/wp-json\/wp\/v2\/users\/1"}],"replies":[{"embeddable":true,"href":"http:\/\/www.cavigneaux.be\/wabisabi\/index.php\/wp-json\/wp\/v2\/comments?post=622"}],"version-history":[{"count":28,"href":"http:\/\/www.cavigneaux.be\/wabisabi\/index.php\/wp-json\/wp\/v2\/pages\/622\/revisions"}],"predecessor-version":[{"id":1116,"href":"http:\/\/www.cavigneaux.be\/wabisabi\/index.php\/wp-json\/wp\/v2\/pages\/622\/revisions\/1116"}],"wp:attachment":[{"href":"http:\/\/www.cavigneaux.be\/wabisabi\/index.php\/wp-json\/wp\/v2\/media?parent=622"}],"curies":[{"name":"wp","href":"https:\/\/api.w.org\/{rel}","templated":true}]}}