{"id":731,"date":"2020-11-30T19:22:34","date_gmt":"2020-11-30T18:22:34","guid":{"rendered":"http:\/\/www.cavigneaux.be\/wabisabi\/?page_id=731"},"modified":"2020-12-01T10:13:48","modified_gmt":"2020-12-01T09:13:48","slug":"macha","status":"publish","type":"page","link":"http:\/\/www.cavigneaux.be\/wabisabi\/index.php\/produits-2\/671-2\/les-saveurs-nippones\/macha\/","title":{"rendered":"Macha"},"content":{"rendered":"\t\t<div data-elementor-type=\"wp-page\" data-elementor-id=\"731\" class=\"elementor elementor-731\" data-elementor-settings=\"[]\">\n\t\t\t\t\t\t<div class=\"elementor-inner\">\n\t\t\t\t\t\t\t<div class=\"elementor-section-wrap\">\n\t\t\t\t\t\t\t<section class=\"elementor-section elementor-top-section elementor-element elementor-element-25fe95dd elementor-section-boxed elementor-section-height-default elementor-section-height-default\" data-id=\"25fe95dd\" data-element_type=\"section\" data-settings=\"{&quot;ekit_has_onepagescroll_dot&quot;:&quot;yes&quot;}\">\n\t\t\t\t\t\t<div class=\"elementor-container elementor-column-gap-default\">\n\t\t\t\t\t\t\t<div class=\"elementor-row\">\n\t\t\t\t\t<div class=\"elementor-column elementor-col-100 elementor-top-column elementor-element elementor-element-2c1a935d\" data-id=\"2c1a935d\" data-element_type=\"column\">\n\t\t\t<div class=\"elementor-column-wrap elementor-element-populated\">\n\t\t\t\t\t\t\t<div class=\"elementor-widget-wrap\">\n\t\t\t\t\t\t<div class=\"elementor-element elementor-element-e2073e6 elementor-widget elementor-widget-heading\" data-id=\"e2073e6\" data-element_type=\"widget\" data-widget_type=\"heading.default\">\n\t\t\t\t<div class=\"elementor-widget-container\">\n\t\t\t<h3 class=\"elementor-heading-title elementor-size-default\">Un mochi \u00e0 la saveur v\u00e9g\u00e9tale et iod\u00e9e\u2026<\/h3>\t\t<\/div>\n\t\t\t\t<\/div>\n\t\t\t\t<div class=\"elementor-element elementor-element-e4af121 elementor-tabs-view-vertical elementor-widget elementor-widget-tabs\" data-id=\"e4af121\" data-element_type=\"widget\" data-widget_type=\"tabs.default\">\n\t\t\t\t<div class=\"elementor-widget-container\">\n\t\t\t\t\t<div class=\"elementor-tabs\" role=\"tablist\">\n\t\t\t<div class=\"elementor-tabs-wrapper\">\n\t\t\t\t\t\t\t\t\t<div id=\"elementor-tab-title-2391\" class=\"elementor-tab-title elementor-tab-desktop-title\" data-tab=\"1\" role=\"tab\" aria-controls=\"elementor-tab-content-2391\"><a href=\"\">Description<\/a><\/div>\n\t\t\t\t\t\t\t\t\t<div id=\"elementor-tab-title-2392\" class=\"elementor-tab-title elementor-tab-desktop-title\" data-tab=\"2\" role=\"tab\" aria-controls=\"elementor-tab-content-2392\"><a href=\"\">Ingr\u00e9dients<\/a><\/div>\n\t\t\t\t\t\t\t<\/div>\n\t\t\t<div class=\"elementor-tabs-content-wrapper\">\n\t\t\t\t\t\t\t\t\t<div class=\"elementor-tab-title elementor-tab-mobile-title\" data-tab=\"1\" role=\"tab\">Description<\/div>\n\t\t\t\t\t<div id=\"elementor-tab-content-2391\" class=\"elementor-tab-content elementor-clearfix\" data-tab=\"1\" role=\"tabpanel\" aria-labelledby=\"elementor-tab-title-2391\"><p class=\"thin-font\">Matcha : s\u2019il \u00e9tait une saveur embl\u00e9matique du Japon, ce serait celle-ci. Avec sa saveur v\u00e9g\u00e9tale et iod\u00e9e, le matcha a depuis quelques ann\u00e9es ensorcel\u00e9 la p\u00e2tisserie occidentale. Ici, on le retrouve en quelques sortes dans son milieu naturel, mari\u00e9 au shiroan, p\u00e2te de haricot blanc \u00e0 la texture fine et soyeuse. Notre shiroan est confectionn\u00e9 maison, selon un proc\u00e9d\u00e9 de fabrication unique, avec des haricots blancs et du sucre de canne, tous deux bios.<\/p>\n<p class=\"thin-font\">S\u2019accompagne d\u2019un th\u00e9 vert type sencha pour une d\u00e9gustation ton sur ton, mais est \u00e9galement d\u00e9licieux avec un genmaicha, th\u00e9 vert parfum\u00e9 au riz grill\u00e9.<\/p>\n<p class=\"thin-font\">Nos mochis sont confectionn\u00e9s artisanalement et vous sont envoy\u00e9s au plus tard le lendemain de leur confection. Ils peuvent sans probl\u00e8me \u00eatre congel\u00e9s pour enchanter votre quotidien de doux moments gourmands.<\/p><\/div>\n\t\t\t\t\t\t\t\t\t<div class=\"elementor-tab-title elementor-tab-mobile-title\" data-tab=\"2\" role=\"tab\">Ingr\u00e9dients<\/div>\n\t\t\t\t\t<div id=\"elementor-tab-content-2392\" class=\"elementor-tab-content elementor-clearfix\" data-tab=\"2\" role=\"tabpanel\" aria-labelledby=\"elementor-tab-title-2392\"><p class=\"thin-font\">Sucre de canne bio non raffin\u00e9, eau, farine de riz gluant, shiroan bio (haricots blancs bios, eau, sucre de canne bio), th\u00e9 vert matcha bio, cr\u00e8me d&#8217;amande bio, f\u00e9cule de tapioca bio, sirop de glucose bio, glyc\u00e9rine v\u00e9g\u00e9tale bio.<\/p>\n<p class=\"thin-font\">Allerg\u00e8nes : nos mochis sont 100% d\u2019origine v\u00e9g\u00e9tale et sans gluten. Certaines de nos recettes contiennent des fruits \u00e0 coques (noix, noisettes, amandes, graines de s\u00e9same).<\/p>\n<p class=\"thin-font\">Valeur \u00e9nerg\u00e9tique pour 100g* : 1103kj \/ 260 kcal, mati\u00e8res grasses : 2,75g (dont acides gras satur\u00e9s : 0,2g), glucides : 55,5g, sucres : 32,5g, prot\u00e9ines : 3,3g, sel : 0,09g. *un mochi p\u00e8se environ 40g, mais comme ils sont artisanaux, leur poids peut varier de quelques grammes !<\/p><\/div>\n\t\t\t\t\t\t\t<\/div>\n\t\t<\/div>\n\t\t\t\t<\/div>\n\t\t\t\t<\/div>\n\t\t\t\t<div class=\"elementor-element elementor-element-6c3ff4aa elementor-widget elementor-widget-text-editor\" data-id=\"6c3ff4aa\" data-element_type=\"widget\" data-widget_type=\"text-editor.default\">\n\t\t\t\t<div class=\"elementor-widget-container\">\n\t\t\t\t\t<div class=\"elementor-text-editor elementor-clearfix\"><!-- wp:paragraph --><!-- \/wp:paragraph --><!-- wp:gallery {\"ids\":[732,733,734]} -->\n<figure class=\"wp-block-gallery columns-3 is-cropped\">\n<ul class=\"blocks-gallery-grid\">\n<li class=\"blocks-gallery-item\">\n<figure><img loading=\"lazy\" width=\"900\" height=\"600\" class=\"wp-image-732\" src=\"http:\/\/www.cavigneaux.be\/wabisabi\/wp-content\/uploads\/2020\/11\/LMDM_matcha_faceBD.jpg\" alt=\"\" data-id=\"732\" data-full-url=\"http:\/\/www.cavigneaux.be\/wabisabi\/wp-content\/uploads\/2020\/11\/LMDM_matcha_faceBD.jpg\" data-link=\"http:\/\/www.cavigneaux.be\/wabisabi\/?attachment_id=732\" srcset=\"http:\/\/www.cavigneaux.be\/wabisabi\/wp-content\/uploads\/2020\/11\/LMDM_matcha_faceBD.jpg 900w, http:\/\/www.cavigneaux.be\/wabisabi\/wp-content\/uploads\/2020\/11\/LMDM_matcha_faceBD-300x200.jpg 300w, http:\/\/www.cavigneaux.be\/wabisabi\/wp-content\/uploads\/2020\/11\/LMDM_matcha_faceBD-768x512.jpg 768w, http:\/\/www.cavigneaux.be\/wabisabi\/wp-content\/uploads\/2020\/11\/LMDM_matcha_faceBD-600x400.jpg 600w, http:\/\/www.cavigneaux.be\/wabisabi\/wp-content\/uploads\/2020\/11\/LMDM_matcha_faceBD-240x160.jpg 240w, http:\/\/www.cavigneaux.be\/wabisabi\/wp-content\/uploads\/2020\/11\/LMDM_matcha_faceBD-90x60.jpg 90w\" sizes=\"(max-width: 706px) 89vw, (max-width: 767px) 82vw, 740px\" \/><\/figure>\n<\/li>\n<li class=\"blocks-gallery-item\">\n<figure><img loading=\"lazy\" width=\"650\" height=\"433\" class=\"wp-image-733\" src=\"http:\/\/www.cavigneaux.be\/wabisabi\/wp-content\/uploads\/2020\/11\/matcha_mochiBD-1.jpg\" alt=\"\" data-id=\"733\" data-full-url=\"http:\/\/www.cavigneaux.be\/wabisabi\/wp-content\/uploads\/2020\/11\/matcha_mochiBD-1.jpg\" data-link=\"http:\/\/www.cavigneaux.be\/wabisabi\/?attachment_id=733\" srcset=\"http:\/\/www.cavigneaux.be\/wabisabi\/wp-content\/uploads\/2020\/11\/matcha_mochiBD-1.jpg 650w, http:\/\/www.cavigneaux.be\/wabisabi\/wp-content\/uploads\/2020\/11\/matcha_mochiBD-1-300x200.jpg 300w, http:\/\/www.cavigneaux.be\/wabisabi\/wp-content\/uploads\/2020\/11\/matcha_mochiBD-1-600x400.jpg 600w, http:\/\/www.cavigneaux.be\/wabisabi\/wp-content\/uploads\/2020\/11\/matcha_mochiBD-1-240x160.jpg 240w, http:\/\/www.cavigneaux.be\/wabisabi\/wp-content\/uploads\/2020\/11\/matcha_mochiBD-1-90x60.jpg 90w\" sizes=\"(max-width: 650px) 100vw, 650px\" \/><\/figure>\n<\/li>\n<li class=\"blocks-gallery-item\">\n<figure><img loading=\"lazy\" width=\"800\" height=\"533\" class=\"wp-image-734\" src=\"http:\/\/www.cavigneaux.be\/wabisabi\/wp-content\/uploads\/2020\/11\/mochi_matcha.jpg\" alt=\"\" data-id=\"734\" data-full-url=\"http:\/\/www.cavigneaux.be\/wabisabi\/wp-content\/uploads\/2020\/11\/mochi_matcha.jpg\" data-link=\"http:\/\/www.cavigneaux.be\/wabisabi\/?attachment_id=734\" srcset=\"http:\/\/www.cavigneaux.be\/wabisabi\/wp-content\/uploads\/2020\/11\/mochi_matcha.jpg 800w, http:\/\/www.cavigneaux.be\/wabisabi\/wp-content\/uploads\/2020\/11\/mochi_matcha-300x200.jpg 300w, http:\/\/www.cavigneaux.be\/wabisabi\/wp-content\/uploads\/2020\/11\/mochi_matcha-768x512.jpg 768w, http:\/\/www.cavigneaux.be\/wabisabi\/wp-content\/uploads\/2020\/11\/mochi_matcha-600x400.jpg 600w, http:\/\/www.cavigneaux.be\/wabisabi\/wp-content\/uploads\/2020\/11\/mochi_matcha-240x160.jpg 240w, http:\/\/www.cavigneaux.be\/wabisabi\/wp-content\/uploads\/2020\/11\/mochi_matcha-90x60.jpg 90w\" sizes=\"(max-width: 706px) 89vw, (max-width: 767px) 82vw, 740px\" \/><\/figure>\n<\/li>\n<\/ul>\n<\/figure>\n<!-- \/wp:gallery --><!-- wp:paragraph -->\n<p>\u00a0<\/p>\n<!-- \/wp:paragraph --><\/div>\n\t\t\t\t<\/div>\n\t\t\t\t<\/div>\n\t\t\t\t\t\t<\/div>\n\t\t\t\t\t<\/div>\n\t\t<\/div>\n\t\t\t\t\t\t\t\t<\/div>\n\t\t\t\t\t<\/div>\n\t\t<\/section>\n\t\t\t\t\t\t<\/div>\n\t\t\t\t\t\t<\/div>\n\t\t\t\t\t<\/div>\n\t\t","protected":false},"excerpt":{"rendered":"<p>Un mochi \u00e0 la saveur v\u00e9g\u00e9tale et iod\u00e9e\u2026 Description Ingr\u00e9dients Description Matcha : s\u2019il \u00e9tait une saveur embl\u00e9matique du Japon, ce serait celle-ci. Avec sa saveur v\u00e9g\u00e9tale et iod\u00e9e, le matcha a depuis quelques ann\u00e9es ensorcel\u00e9 la p\u00e2tisserie occidentale. Ici, on le retrouve en quelques sortes dans son milieu naturel, mari\u00e9 au shiroan, p\u00e2te de &hellip; <\/p>\n<p class=\"link-more\"><a href=\"http:\/\/www.cavigneaux.be\/wabisabi\/index.php\/produits-2\/671-2\/les-saveurs-nippones\/macha\/\" class=\"more-link\">Continue reading<span class=\"screen-reader-text\"> &#8220;Macha&#8221;<\/span><\/a><\/p>\n","protected":false},"author":1,"featured_media":0,"parent":774,"menu_order":2,"comment_status":"closed","ping_status":"closed","template":"","meta":[],"yoast_head":"<!-- This site is optimized with the Yoast SEO plugin v15.3 - https:\/\/yoast.com\/wordpress\/plugins\/seo\/ -->\n<title>Macha - Wabi.Sabi<\/title>\n<meta name=\"robots\" content=\"index, follow, max-snippet:-1, max-image-preview:large, max-video-preview:-1\" \/>\n<link rel=\"canonical\" href=\"http:\/\/www.cavigneaux.be\/wabisabi\/index.php\/produits-2\/671-2\/les-saveurs-nippones\/macha\/\" \/>\n<meta property=\"og:locale\" content=\"en_US\" \/>\n<meta property=\"og:type\" content=\"article\" \/>\n<meta property=\"og:title\" content=\"Macha - Wabi.Sabi\" \/>\n<meta property=\"og:description\" content=\"Un mochi \u00e0 la saveur v\u00e9g\u00e9tale et iod\u00e9e\u2026 Description Ingr\u00e9dients Description Matcha : s\u2019il \u00e9tait une saveur embl\u00e9matique du Japon, ce serait celle-ci. Avec sa saveur v\u00e9g\u00e9tale et iod\u00e9e, le matcha a depuis quelques ann\u00e9es ensorcel\u00e9 la p\u00e2tisserie occidentale. Ici, on le retrouve en quelques sortes dans son milieu naturel, mari\u00e9 au shiroan, p\u00e2te de &hellip; Continue reading &quot;Macha&quot;\" \/>\n<meta property=\"og:url\" content=\"http:\/\/www.cavigneaux.be\/wabisabi\/index.php\/produits-2\/671-2\/les-saveurs-nippones\/macha\/\" \/>\n<meta property=\"og:site_name\" content=\"Wabi.Sabi\" \/>\n<meta property=\"article:modified_time\" content=\"2020-12-01T09:13:48+00:00\" \/>\n<meta property=\"og:image\" content=\"http:\/\/www.cavigneaux.be\/wabisabi\/wp-content\/uploads\/2020\/11\/LMDM_matcha_faceBD.jpg\" \/>\n<meta name=\"twitter:card\" content=\"summary_large_image\" \/>\n<meta name=\"twitter:label1\" content=\"Written by\">\n\t<meta name=\"twitter:data1\" content=\"christophe\">\n\t<meta name=\"twitter:label2\" content=\"Est. reading time\">\n\t<meta name=\"twitter:data2\" content=\"1 minute\">\n<script type=\"application\/ld+json\" class=\"yoast-schema-graph\">{\"@context\":\"https:\/\/schema.org\",\"@graph\":[{\"@type\":\"WebSite\",\"@id\":\"http:\/\/www.cavigneaux.be\/wabisabi\/#website\",\"url\":\"http:\/\/www.cavigneaux.be\/wabisabi\/\",\"name\":\"Wabi.Sabi\",\"description\":\"Cuisine sant\\u00e9 s&#039;inspirant de la cuisine japonaise.\",\"potentialAction\":[{\"@type\":\"SearchAction\",\"target\":\"http:\/\/www.cavigneaux.be\/wabisabi\/?s={search_term_string}\",\"query-input\":\"required name=search_term_string\"}],\"inLanguage\":\"en-US\"},{\"@type\":\"ImageObject\",\"@id\":\"http:\/\/www.cavigneaux.be\/wabisabi\/index.php\/produits-2\/671-2\/les-saveurs-nippones\/macha\/#primaryimage\",\"inLanguage\":\"en-US\",\"url\":\"http:\/\/www.cavigneaux.be\/wabisabi\/wp-content\/uploads\/2020\/11\/LMDM_matcha_faceBD.jpg\",\"width\":900,\"height\":600,\"caption\":\"Matcha\"},{\"@type\":\"WebPage\",\"@id\":\"http:\/\/www.cavigneaux.be\/wabisabi\/index.php\/produits-2\/671-2\/les-saveurs-nippones\/macha\/#webpage\",\"url\":\"http:\/\/www.cavigneaux.be\/wabisabi\/index.php\/produits-2\/671-2\/les-saveurs-nippones\/macha\/\",\"name\":\"Macha - Wabi.Sabi\",\"isPartOf\":{\"@id\":\"http:\/\/www.cavigneaux.be\/wabisabi\/#website\"},\"primaryImageOfPage\":{\"@id\":\"http:\/\/www.cavigneaux.be\/wabisabi\/index.php\/produits-2\/671-2\/les-saveurs-nippones\/macha\/#primaryimage\"},\"datePublished\":\"2020-11-30T18:22:34+00:00\",\"dateModified\":\"2020-12-01T09:13:48+00:00\",\"inLanguage\":\"en-US\",\"potentialAction\":[{\"@type\":\"ReadAction\",\"target\":[\"http:\/\/www.cavigneaux.be\/wabisabi\/index.php\/produits-2\/671-2\/les-saveurs-nippones\/macha\/\"]}]}]}<\/script>\n<!-- \/ Yoast SEO plugin. -->","_links":{"self":[{"href":"http:\/\/www.cavigneaux.be\/wabisabi\/index.php\/wp-json\/wp\/v2\/pages\/731"}],"collection":[{"href":"http:\/\/www.cavigneaux.be\/wabisabi\/index.php\/wp-json\/wp\/v2\/pages"}],"about":[{"href":"http:\/\/www.cavigneaux.be\/wabisabi\/index.php\/wp-json\/wp\/v2\/types\/page"}],"author":[{"embeddable":true,"href":"http:\/\/www.cavigneaux.be\/wabisabi\/index.php\/wp-json\/wp\/v2\/users\/1"}],"replies":[{"embeddable":true,"href":"http:\/\/www.cavigneaux.be\/wabisabi\/index.php\/wp-json\/wp\/v2\/comments?post=731"}],"version-history":[{"count":8,"href":"http:\/\/www.cavigneaux.be\/wabisabi\/index.php\/wp-json\/wp\/v2\/pages\/731\/revisions"}],"predecessor-version":[{"id":743,"href":"http:\/\/www.cavigneaux.be\/wabisabi\/index.php\/wp-json\/wp\/v2\/pages\/731\/revisions\/743"}],"up":[{"embeddable":true,"href":"http:\/\/www.cavigneaux.be\/wabisabi\/index.php\/wp-json\/wp\/v2\/pages\/774"}],"wp:attachment":[{"href":"http:\/\/www.cavigneaux.be\/wabisabi\/index.php\/wp-json\/wp\/v2\/media?parent=731"}],"curies":[{"name":"wp","href":"https:\/\/api.w.org\/{rel}","templated":true}]}}