{"id":745,"date":"2020-12-01T06:56:39","date_gmt":"2020-12-01T05:56:39","guid":{"rendered":"http:\/\/www.cavigneaux.be\/wabisabi\/?page_id=745"},"modified":"2020-12-01T10:14:53","modified_gmt":"2020-12-01T09:14:53","slug":"sesame-noir","status":"publish","type":"page","link":"http:\/\/www.cavigneaux.be\/wabisabi\/index.php\/produits-2\/671-2\/les-saveurs-nippones\/sesame-noir\/","title":{"rendered":"S\u00e9same noir"},"content":{"rendered":"\t\t<div data-elementor-type=\"wp-page\" data-elementor-id=\"745\" class=\"elementor elementor-745\" data-elementor-settings=\"[]\">\n\t\t\t\t\t\t<div class=\"elementor-inner\">\n\t\t\t\t\t\t\t<div class=\"elementor-section-wrap\">\n\t\t\t\t\t\t\t<section class=\"elementor-section elementor-top-section elementor-element elementor-element-54a34b7b elementor-section-boxed elementor-section-height-default elementor-section-height-default\" data-id=\"54a34b7b\" data-element_type=\"section\" data-settings=\"{&quot;ekit_has_onepagescroll_dot&quot;:&quot;yes&quot;}\">\n\t\t\t\t\t\t<div class=\"elementor-container elementor-column-gap-default\">\n\t\t\t\t\t\t\t<div class=\"elementor-row\">\n\t\t\t\t\t<div class=\"elementor-column elementor-col-100 elementor-top-column elementor-element elementor-element-1101e8b7\" data-id=\"1101e8b7\" data-element_type=\"column\">\n\t\t\t<div class=\"elementor-column-wrap elementor-element-populated\">\n\t\t\t\t\t\t\t<div class=\"elementor-widget-wrap\">\n\t\t\t\t\t\t<div class=\"elementor-element elementor-element-2653be5 elementor-widget elementor-widget-heading\" data-id=\"2653be5\" data-element_type=\"widget\" data-widget_type=\"heading.default\">\n\t\t\t\t<div class=\"elementor-widget-container\">\n\t\t\t<h3 class=\"elementor-heading-title elementor-size-default\">Un mochi yin et yang qui renferme un coeur de s\u00e9same noir\u2026\n<\/h3>\t\t<\/div>\n\t\t\t\t<\/div>\n\t\t\t\t<div class=\"elementor-element elementor-element-fa0b670 elementor-tabs-view-vertical elementor-widget elementor-widget-tabs\" data-id=\"fa0b670\" data-element_type=\"widget\" data-widget_type=\"tabs.default\">\n\t\t\t\t<div class=\"elementor-widget-container\">\n\t\t\t\t\t<div class=\"elementor-tabs\" role=\"tablist\">\n\t\t\t<div class=\"elementor-tabs-wrapper\">\n\t\t\t\t\t\t\t\t\t<div id=\"elementor-tab-title-2621\" class=\"elementor-tab-title elementor-tab-desktop-title\" data-tab=\"1\" role=\"tab\" aria-controls=\"elementor-tab-content-2621\"><a href=\"\">Description<\/a><\/div>\n\t\t\t\t\t\t\t\t\t<div id=\"elementor-tab-title-2622\" class=\"elementor-tab-title elementor-tab-desktop-title\" data-tab=\"2\" role=\"tab\" aria-controls=\"elementor-tab-content-2622\"><a href=\"\">Ingr\u00e9dients<\/a><\/div>\n\t\t\t\t\t\t\t<\/div>\n\t\t\t<div class=\"elementor-tabs-content-wrapper\">\n\t\t\t\t\t\t\t\t\t<div class=\"elementor-tab-title elementor-tab-mobile-title\" data-tab=\"1\" role=\"tab\">Description<\/div>\n\t\t\t\t\t<div id=\"elementor-tab-content-2621\" class=\"elementor-tab-content elementor-clearfix\" data-tab=\"1\" role=\"tabpanel\" aria-labelledby=\"elementor-tab-title-2621\"><p class=\"thin-font\">Ce mochi tr\u00e8s zen poss\u00e8de sous son enveloppe blanche poudr\u00e9e un coeur noir de s\u00e9same \u00e0 la saveur \u00e0 la fois douce &amp; am\u00e8re. Le s\u00e9same est une des toutes premi\u00e8res plantes ol\u00e9agineuses que l\u2019homme a mis en culture. Symbole d\u2019immortalit\u00e9, il stimule le cerveau, gr\u00e2ce \u00e0 sa teneur \u00e9lev\u00e9e en phosphore et en magn\u00e9sium.<\/p>\n<p class=\"thin-font\">Ce mochi fera tr\u00e8s bon m\u00e9nage avec une tasse de caf\u00e9, ou plus traditionnellement avec un bol de th\u00e9 sencha, aux notes iod\u00e9es et v\u00e9g\u00e9tales.<\/p>\n<p class=\"thin-font\">Nos mochis sont confectionn\u00e9s artisanalement et vous sont envoy\u00e9s au plus tard le lendemain de leur confection. Ils peuvent sans probl\u00e8me \u00eatre congel\u00e9s pour enchanter votre quotidien de doux moments gourmands.<\/p><\/div>\n\t\t\t\t\t\t\t\t\t<div class=\"elementor-tab-title elementor-tab-mobile-title\" data-tab=\"2\" role=\"tab\">Ingr\u00e9dients<\/div>\n\t\t\t\t\t<div id=\"elementor-tab-content-2622\" class=\"elementor-tab-content elementor-clearfix\" data-tab=\"2\" role=\"tabpanel\" aria-labelledby=\"elementor-tab-title-2622\"><p class=\"thin-font\">Sucre de canne blond non raffin\u00e9 &amp; bio, eau, haricots blancs bio, farine de riz gluant, f\u00e9cule de tapioca bio, sirop de glucose deshydrat\u00e9, cr\u00e8me de s\u00e9same noir.<\/p>\n<p class=\"thin-font\">Allerg\u00e8nes : nos mochis sont 100% d\u2019origine v\u00e9g\u00e9tale et sans gluten. Certaines de nos recettes contiennent des fruits \u00e0 coques (noix, noisettes, amandes, graines de s\u00e9same).<\/p>\n<p class=\"thin-font\">Valeur \u00e9nerg\u00e9tique pour 100g* : 1103kj \/ 260 kcal, mati\u00e8res grasses : 2,75g (dont acides gras satur\u00e9s : 0,2g), glucides : 55,5g, sucres : 32,5g, prot\u00e9ines : 3,3g, sel : 0,09g. *un mochi p\u00e8se environ 40g, mais comme ils sont artisanaux, leur poids peut varier de quelques grammes !<\/p><\/div>\n\t\t\t\t\t\t\t<\/div>\n\t\t<\/div>\n\t\t\t\t<\/div>\n\t\t\t\t<\/div>\n\t\t\t\t<div class=\"elementor-element elementor-element-30029b21 elementor-widget elementor-widget-text-editor\" data-id=\"30029b21\" data-element_type=\"widget\" data-widget_type=\"text-editor.default\">\n\t\t\t\t<div class=\"elementor-widget-container\">\n\t\t\t\t\t<div class=\"elementor-text-editor elementor-clearfix\"><!-- wp:gallery {\"ids\":[746,410,682],\"linkTo\":\"attachment\"} -->\n<figure class=\"wp-block-gallery columns-3 is-cropped\">\n<ul class=\"blocks-gallery-grid\">\n<li class=\"blocks-gallery-item\">\n<figure><a href=\"http:\/\/www.cavigneaux.be\/wabisabi\/?attachment_id=746\"><img loading=\"lazy\" width=\"800\" height=\"533\" class=\"wp-image-746\" src=\"http:\/\/www.cavigneaux.be\/wabisabi\/wp-content\/uploads\/2020\/12\/mochi_sesamenoir.jpg\" alt=\"\" data-id=\"746\" data-full-url=\"http:\/\/www.cavigneaux.be\/wabisabi\/wp-content\/uploads\/2020\/12\/mochi_sesamenoir.jpg\" data-link=\"http:\/\/www.cavigneaux.be\/wabisabi\/?attachment_id=746\" srcset=\"http:\/\/www.cavigneaux.be\/wabisabi\/wp-content\/uploads\/2020\/12\/mochi_sesamenoir.jpg 800w, http:\/\/www.cavigneaux.be\/wabisabi\/wp-content\/uploads\/2020\/12\/mochi_sesamenoir-300x200.jpg 300w, http:\/\/www.cavigneaux.be\/wabisabi\/wp-content\/uploads\/2020\/12\/mochi_sesamenoir-768x512.jpg 768w, http:\/\/www.cavigneaux.be\/wabisabi\/wp-content\/uploads\/2020\/12\/mochi_sesamenoir-600x400.jpg 600w, http:\/\/www.cavigneaux.be\/wabisabi\/wp-content\/uploads\/2020\/12\/mochi_sesamenoir-240x160.jpg 240w, http:\/\/www.cavigneaux.be\/wabisabi\/wp-content\/uploads\/2020\/12\/mochi_sesamenoir-90x60.jpg 90w\" sizes=\"(max-width: 706px) 89vw, (max-width: 767px) 82vw, 740px\" \/><\/a><\/figure>\n<\/li>\n<li class=\"blocks-gallery-item\">\n<figure><a href=\"http:\/\/www.cavigneaux.be\/wabisabi\/121709733_202057377942541_6859521111704866689_n\/\"><img loading=\"lazy\" width=\"540\" height=\"960\" class=\"wp-image-410\" src=\"http:\/\/www.cavigneaux.be\/wabisabi\/wp-content\/uploads\/2020\/11\/121709733_202057377942541_6859521111704866689_n.jpg\" alt=\"\" data-id=\"410\" data-full-url=\"http:\/\/www.cavigneaux.be\/wabisabi\/wp-content\/uploads\/2020\/11\/121709733_202057377942541_6859521111704866689_n.jpg\" data-link=\"http:\/\/www.cavigneaux.be\/wabisabi\/121709733_202057377942541_6859521111704866689_n\/\" srcset=\"http:\/\/www.cavigneaux.be\/wabisabi\/wp-content\/uploads\/2020\/11\/121709733_202057377942541_6859521111704866689_n.jpg 540w, http:\/\/www.cavigneaux.be\/wabisabi\/wp-content\/uploads\/2020\/11\/121709733_202057377942541_6859521111704866689_n-169x300.jpg 169w\" sizes=\"(max-width: 540px) 100vw, 540px\" \/><\/a><\/figure>\n<\/li>\n<li class=\"blocks-gallery-item\">\n<figure><a href=\"http:\/\/www.cavigneaux.be\/wabisabi\/index.php\/produits-2\/671-2\/lmdm_sesame_facebd\/\"><img loading=\"lazy\" width=\"900\" height=\"600\" class=\"wp-image-682\" src=\"http:\/\/www.cavigneaux.be\/wabisabi\/wp-content\/uploads\/2020\/11\/LMDM_sesame_faceBD.jpg\" alt=\"\" data-id=\"682\" data-full-url=\"http:\/\/www.cavigneaux.be\/wabisabi\/wp-content\/uploads\/2020\/11\/LMDM_sesame_faceBD.jpg\" data-link=\"http:\/\/www.cavigneaux.be\/wabisabi\/index.php\/produits-2\/671-2\/lmdm_sesame_facebd\/\" srcset=\"http:\/\/www.cavigneaux.be\/wabisabi\/wp-content\/uploads\/2020\/11\/LMDM_sesame_faceBD.jpg 900w, http:\/\/www.cavigneaux.be\/wabisabi\/wp-content\/uploads\/2020\/11\/LMDM_sesame_faceBD-300x200.jpg 300w, http:\/\/www.cavigneaux.be\/wabisabi\/wp-content\/uploads\/2020\/11\/LMDM_sesame_faceBD-768x512.jpg 768w, http:\/\/www.cavigneaux.be\/wabisabi\/wp-content\/uploads\/2020\/11\/LMDM_sesame_faceBD-600x400.jpg 600w, http:\/\/www.cavigneaux.be\/wabisabi\/wp-content\/uploads\/2020\/11\/LMDM_sesame_faceBD-240x160.jpg 240w, http:\/\/www.cavigneaux.be\/wabisabi\/wp-content\/uploads\/2020\/11\/LMDM_sesame_faceBD-90x60.jpg 90w\" sizes=\"(max-width: 706px) 89vw, (max-width: 767px) 82vw, 740px\" \/><\/a><\/figure>\n<\/li>\n<\/ul>\n<\/figure>\n<!-- \/wp:gallery --><\/div>\n\t\t\t\t<\/div>\n\t\t\t\t<\/div>\n\t\t\t\t\t\t<\/div>\n\t\t\t\t\t<\/div>\n\t\t<\/div>\n\t\t\t\t\t\t\t\t<\/div>\n\t\t\t\t\t<\/div>\n\t\t<\/section>\n\t\t\t\t\t\t<\/div>\n\t\t\t\t\t\t<\/div>\n\t\t\t\t\t<\/div>\n\t\t","protected":false},"excerpt":{"rendered":"<p>Un mochi yin et yang qui renferme un coeur de s\u00e9same noir\u2026 Description Ingr\u00e9dients Description Ce mochi tr\u00e8s zen poss\u00e8de sous son enveloppe blanche poudr\u00e9e un coeur noir de s\u00e9same \u00e0 la saveur \u00e0 la fois douce &amp; am\u00e8re. Le s\u00e9same est une des toutes premi\u00e8res plantes ol\u00e9agineuses que l\u2019homme a mis en culture. Symbole &hellip; <\/p>\n<p class=\"link-more\"><a href=\"http:\/\/www.cavigneaux.be\/wabisabi\/index.php\/produits-2\/671-2\/les-saveurs-nippones\/sesame-noir\/\" class=\"more-link\">Continue reading<span class=\"screen-reader-text\"> &#8220;S\u00e9same noir&#8221;<\/span><\/a><\/p>\n","protected":false},"author":1,"featured_media":0,"parent":774,"menu_order":3,"comment_status":"closed","ping_status":"closed","template":"","meta":[],"yoast_head":"<!-- This site is optimized with the Yoast SEO plugin v15.3 - https:\/\/yoast.com\/wordpress\/plugins\/seo\/ -->\n<title>S\u00e9same noir - Wabi.Sabi<\/title>\n<meta name=\"robots\" content=\"index, follow, max-snippet:-1, max-image-preview:large, max-video-preview:-1\" \/>\n<link rel=\"canonical\" href=\"http:\/\/www.cavigneaux.be\/wabisabi\/index.php\/produits-2\/671-2\/les-saveurs-nippones\/sesame-noir\/\" \/>\n<meta property=\"og:locale\" content=\"en_US\" \/>\n<meta property=\"og:type\" content=\"article\" \/>\n<meta property=\"og:title\" content=\"S\u00e9same noir - Wabi.Sabi\" \/>\n<meta property=\"og:description\" content=\"Un mochi yin et yang qui renferme un coeur de s\u00e9same noir\u2026 Description Ingr\u00e9dients Description Ce mochi tr\u00e8s zen poss\u00e8de sous son enveloppe blanche poudr\u00e9e un coeur noir de s\u00e9same \u00e0 la saveur \u00e0 la fois douce &amp; am\u00e8re. Le s\u00e9same est une des toutes premi\u00e8res plantes ol\u00e9agineuses que l\u2019homme a mis en culture. Symbole &hellip; Continue reading &quot;S\u00e9same noir&quot;\" \/>\n<meta property=\"og:url\" content=\"http:\/\/www.cavigneaux.be\/wabisabi\/index.php\/produits-2\/671-2\/les-saveurs-nippones\/sesame-noir\/\" \/>\n<meta property=\"og:site_name\" content=\"Wabi.Sabi\" \/>\n<meta property=\"article:modified_time\" content=\"2020-12-01T09:14:53+00:00\" \/>\n<meta property=\"og:image\" content=\"http:\/\/www.cavigneaux.be\/wabisabi\/wp-content\/uploads\/2020\/12\/mochi_sesamenoir.jpg\" \/>\n<meta name=\"twitter:card\" content=\"summary_large_image\" \/>\n<meta name=\"twitter:label1\" content=\"Written by\">\n\t<meta name=\"twitter:data1\" content=\"christophe\">\n\t<meta name=\"twitter:label2\" content=\"Est. reading time\">\n\t<meta name=\"twitter:data2\" content=\"1 minute\">\n<script type=\"application\/ld+json\" class=\"yoast-schema-graph\">{\"@context\":\"https:\/\/schema.org\",\"@graph\":[{\"@type\":\"WebSite\",\"@id\":\"http:\/\/www.cavigneaux.be\/wabisabi\/#website\",\"url\":\"http:\/\/www.cavigneaux.be\/wabisabi\/\",\"name\":\"Wabi.Sabi\",\"description\":\"Cuisine sant\\u00e9 s&#039;inspirant de la cuisine japonaise.\",\"potentialAction\":[{\"@type\":\"SearchAction\",\"target\":\"http:\/\/www.cavigneaux.be\/wabisabi\/?s={search_term_string}\",\"query-input\":\"required name=search_term_string\"}],\"inLanguage\":\"en-US\"},{\"@type\":\"ImageObject\",\"@id\":\"http:\/\/www.cavigneaux.be\/wabisabi\/index.php\/produits-2\/671-2\/les-saveurs-nippones\/sesame-noir\/#primaryimage\",\"inLanguage\":\"en-US\",\"url\":\"http:\/\/www.cavigneaux.be\/wabisabi\/wp-content\/uploads\/2020\/12\/mochi_sesamenoir.jpg\",\"width\":800,\"height\":533},{\"@type\":\"WebPage\",\"@id\":\"http:\/\/www.cavigneaux.be\/wabisabi\/index.php\/produits-2\/671-2\/les-saveurs-nippones\/sesame-noir\/#webpage\",\"url\":\"http:\/\/www.cavigneaux.be\/wabisabi\/index.php\/produits-2\/671-2\/les-saveurs-nippones\/sesame-noir\/\",\"name\":\"S\\u00e9same noir - Wabi.Sabi\",\"isPartOf\":{\"@id\":\"http:\/\/www.cavigneaux.be\/wabisabi\/#website\"},\"primaryImageOfPage\":{\"@id\":\"http:\/\/www.cavigneaux.be\/wabisabi\/index.php\/produits-2\/671-2\/les-saveurs-nippones\/sesame-noir\/#primaryimage\"},\"datePublished\":\"2020-12-01T05:56:39+00:00\",\"dateModified\":\"2020-12-01T09:14:53+00:00\",\"inLanguage\":\"en-US\",\"potentialAction\":[{\"@type\":\"ReadAction\",\"target\":[\"http:\/\/www.cavigneaux.be\/wabisabi\/index.php\/produits-2\/671-2\/les-saveurs-nippones\/sesame-noir\/\"]}]}]}<\/script>\n<!-- \/ Yoast SEO plugin. -->","_links":{"self":[{"href":"http:\/\/www.cavigneaux.be\/wabisabi\/index.php\/wp-json\/wp\/v2\/pages\/745"}],"collection":[{"href":"http:\/\/www.cavigneaux.be\/wabisabi\/index.php\/wp-json\/wp\/v2\/pages"}],"about":[{"href":"http:\/\/www.cavigneaux.be\/wabisabi\/index.php\/wp-json\/wp\/v2\/types\/page"}],"author":[{"embeddable":true,"href":"http:\/\/www.cavigneaux.be\/wabisabi\/index.php\/wp-json\/wp\/v2\/users\/1"}],"replies":[{"embeddable":true,"href":"http:\/\/www.cavigneaux.be\/wabisabi\/index.php\/wp-json\/wp\/v2\/comments?post=745"}],"version-history":[{"count":11,"href":"http:\/\/www.cavigneaux.be\/wabisabi\/index.php\/wp-json\/wp\/v2\/pages\/745\/revisions"}],"predecessor-version":[{"id":760,"href":"http:\/\/www.cavigneaux.be\/wabisabi\/index.php\/wp-json\/wp\/v2\/pages\/745\/revisions\/760"}],"up":[{"embeddable":true,"href":"http:\/\/www.cavigneaux.be\/wabisabi\/index.php\/wp-json\/wp\/v2\/pages\/774"}],"wp:attachment":[{"href":"http:\/\/www.cavigneaux.be\/wabisabi\/index.php\/wp-json\/wp\/v2\/media?parent=745"}],"curies":[{"name":"wp","href":"https:\/\/api.w.org\/{rel}","templated":true}]}}