{"id":762,"date":"2020-12-01T07:13:27","date_gmt":"2020-12-01T06:13:27","guid":{"rendered":"http:\/\/www.cavigneaux.be\/wabisabi\/?page_id=762"},"modified":"2020-12-01T10:13:23","modified_gmt":"2020-12-01T09:13:23","slug":"yuzu","status":"publish","type":"page","link":"http:\/\/www.cavigneaux.be\/wabisabi\/index.php\/produits-2\/671-2\/les-saveurs-nippones\/yuzu\/","title":{"rendered":"Yuzu"},"content":{"rendered":"\t\t<div data-elementor-type=\"wp-page\" data-elementor-id=\"762\" class=\"elementor elementor-762\" data-elementor-settings=\"[]\">\n\t\t\t\t\t\t<div class=\"elementor-inner\">\n\t\t\t\t\t\t\t<div class=\"elementor-section-wrap\">\n\t\t\t\t\t\t\t<section class=\"elementor-section elementor-top-section elementor-element elementor-element-6b4f77f4 elementor-section-boxed elementor-section-height-default elementor-section-height-default\" data-id=\"6b4f77f4\" data-element_type=\"section\" data-settings=\"{&quot;ekit_has_onepagescroll_dot&quot;:&quot;yes&quot;}\">\n\t\t\t\t\t\t<div class=\"elementor-container elementor-column-gap-default\">\n\t\t\t\t\t\t\t<div class=\"elementor-row\">\n\t\t\t\t\t<div class=\"elementor-column elementor-col-100 elementor-top-column elementor-element elementor-element-28cb9584\" data-id=\"28cb9584\" data-element_type=\"column\">\n\t\t\t<div class=\"elementor-column-wrap elementor-element-populated\">\n\t\t\t\t\t\t\t<div class=\"elementor-widget-wrap\">\n\t\t\t\t\t\t<div class=\"elementor-element elementor-element-3c6419b elementor-widget elementor-widget-heading\" data-id=\"3c6419b\" data-element_type=\"widget\" data-widget_type=\"heading.default\">\n\t\t\t\t<div class=\"elementor-widget-container\">\n\t\t\t<h3 class=\"elementor-heading-title elementor-size-default\">Un mochi au parfum de yuzu, joyau du Japon\u2026\n<\/h3>\t\t<\/div>\n\t\t\t\t<\/div>\n\t\t\t\t<div class=\"elementor-element elementor-element-277e813 elementor-tabs-view-vertical elementor-widget elementor-widget-tabs\" data-id=\"277e813\" data-element_type=\"widget\" data-widget_type=\"tabs.default\">\n\t\t\t\t<div class=\"elementor-widget-container\">\n\t\t\t\t\t<div class=\"elementor-tabs\" role=\"tablist\">\n\t\t\t<div class=\"elementor-tabs-wrapper\">\n\t\t\t\t\t\t\t\t\t<div id=\"elementor-tab-title-4141\" class=\"elementor-tab-title elementor-tab-desktop-title\" data-tab=\"1\" role=\"tab\" aria-controls=\"elementor-tab-content-4141\"><a href=\"\">Description<\/a><\/div>\n\t\t\t\t\t\t\t\t\t<div id=\"elementor-tab-title-4142\" class=\"elementor-tab-title elementor-tab-desktop-title\" data-tab=\"2\" role=\"tab\" aria-controls=\"elementor-tab-content-4142\"><a href=\"\">Ingr\u00e9dients<\/a><\/div>\n\t\t\t\t\t\t\t<\/div>\n\t\t\t<div class=\"elementor-tabs-content-wrapper\">\n\t\t\t\t\t\t\t\t\t<div class=\"elementor-tab-title elementor-tab-mobile-title\" data-tab=\"1\" role=\"tab\">Description<\/div>\n\t\t\t\t\t<div id=\"elementor-tab-content-4141\" class=\"elementor-tab-content elementor-clearfix\" data-tab=\"1\" role=\"tabpanel\" aria-labelledby=\"elementor-tab-title-4141\"><p class=\"thin-font\">Le yuzu est l\u2019un des membres les plus pr\u00e9cieux de l\u2019extraordinaire famille des agrumes, son parfum d\u2019une extr\u00eame d\u00e9licatesse offre des notes in\u00e9dites d\u2019agrume et de fruit. Dans ce mochi, il vient aromatiser un coeur de shiroan, p\u00e2te de haricots blancs, qui est le pendant du fameux anko, p\u00e2te d\u2019azukis sucr\u00e9e, tous deux piliers de la p\u00e2tisserie traditionnelle japonaise.<\/p>\n<p class=\"thin-font\">S\u2019accompagne d\u00e9licieusement d\u2019un th\u00e9 vert japonais et particuli\u00e8rement d\u2019un genmaicha, parfum\u00e9 au riz souffl\u00e9.<\/p>\n<p class=\"thin-font\">Nos mochis sont confectionn\u00e9s artisanalement et vous sont envoy\u00e9s au plus tard le lendemain de leur confection. Ils peuvent sans probl\u00e8me \u00eatre congel\u00e9s pour enchanter votre quotidien de doux moments gourmands. Prudence : ce mochi est parfum\u00e9 \u00e0 l\u2019huile essentielle, les huiles essentielles sont d\u00e9conseill\u00e9es pour les femmes enceintes, demander l\u2019avis du m\u00e9decin avant de commander.<\/p><\/div>\n\t\t\t\t\t\t\t\t\t<div class=\"elementor-tab-title elementor-tab-mobile-title\" data-tab=\"2\" role=\"tab\">Ingr\u00e9dients<\/div>\n\t\t\t\t\t<div id=\"elementor-tab-content-4142\" class=\"elementor-tab-content elementor-clearfix\" data-tab=\"2\" role=\"tabpanel\" aria-labelledby=\"elementor-tab-title-4142\"><p class=\"thin-font\">Sucre de canne blond non raffin\u00e9 &amp; bio, eau, haricots blancs bio, farine de riz gluant, jus de citron bio, zeste de citron bio, sirop de glucose deshydrat\u00e9, f\u00e9cule de tapioca bio, huile essentielle de yuzu, colorant naturel.<\/p>\n<p class=\"thin-font\">Allerg\u00e8nes : nos mochis sont 100% d\u2019origine v\u00e9g\u00e9tale et sans gluten. Certaines de nos recettes contiennent des fruits \u00e0 coques (noix, noisettes, amandes, graines de s\u00e9same).<\/p>\n<p class=\"thin-font\">Valeur \u00e9nerg\u00e9tique pour 100g* : 1103kj \/ 260 kcal, mati\u00e8res grasses : 2,75g (dont acides gras satur\u00e9s : 0,2g), glucides : 55,5g, sucres : 32,5g, prot\u00e9ines : 3,3g, sel : 0,09g. *un mochi p\u00e8se environ 40g, mais comme ils sont artisanaux, leur poids peut varier de quelques grammes !<\/p><\/div>\n\t\t\t\t\t\t\t<\/div>\n\t\t<\/div>\n\t\t\t\t<\/div>\n\t\t\t\t<\/div>\n\t\t\t\t<div class=\"elementor-element elementor-element-5c89fc95 elementor-widget elementor-widget-text-editor\" data-id=\"5c89fc95\" data-element_type=\"widget\" data-widget_type=\"text-editor.default\">\n\t\t\t\t<div class=\"elementor-widget-container\">\n\t\t\t\t\t<div class=\"elementor-text-editor elementor-clearfix\"><!-- wp:gallery {\"ids\":[763,408,681]} -->\n<figure class=\"wp-block-gallery columns-3 is-cropped\"><ul class=\"blocks-gallery-grid\"><li class=\"blocks-gallery-item\"><figure><img loading=\"lazy\" width=\"800\" height=\"533\" src=\"http:\/\/www.cavigneaux.be\/wabisabi\/wp-content\/uploads\/2020\/12\/mochi_yuzu.jpg\" alt=\"\" data-id=\"763\" data-full-url=\"http:\/\/www.cavigneaux.be\/wabisabi\/wp-content\/uploads\/2020\/12\/mochi_yuzu.jpg\" data-link=\"http:\/\/www.cavigneaux.be\/wabisabi\/?attachment_id=763\" class=\"wp-image-763\" srcset=\"http:\/\/www.cavigneaux.be\/wabisabi\/wp-content\/uploads\/2020\/12\/mochi_yuzu.jpg 800w, http:\/\/www.cavigneaux.be\/wabisabi\/wp-content\/uploads\/2020\/12\/mochi_yuzu-300x200.jpg 300w, http:\/\/www.cavigneaux.be\/wabisabi\/wp-content\/uploads\/2020\/12\/mochi_yuzu-768x512.jpg 768w, http:\/\/www.cavigneaux.be\/wabisabi\/wp-content\/uploads\/2020\/12\/mochi_yuzu-600x400.jpg 600w, http:\/\/www.cavigneaux.be\/wabisabi\/wp-content\/uploads\/2020\/12\/mochi_yuzu-240x160.jpg 240w, http:\/\/www.cavigneaux.be\/wabisabi\/wp-content\/uploads\/2020\/12\/mochi_yuzu-90x60.jpg 90w\" sizes=\"(max-width: 706px) 89vw, (max-width: 767px) 82vw, 740px\" \/><\/figure><\/li><li class=\"blocks-gallery-item\"><figure><img loading=\"lazy\" width=\"576\" height=\"1024\" src=\"http:\/\/www.cavigneaux.be\/wabisabi\/wp-content\/uploads\/2020\/11\/121440930_201623361319276_7888095165230255731_o-576x1024.jpg\" alt=\"\" data-id=\"408\" data-full-url=\"http:\/\/www.cavigneaux.be\/wabisabi\/wp-content\/uploads\/2020\/11\/121440930_201623361319276_7888095165230255731_o.jpg\" data-link=\"http:\/\/www.cavigneaux.be\/wabisabi\/121440930_201623361319276_7888095165230255731_o\/\" class=\"wp-image-408\" srcset=\"http:\/\/www.cavigneaux.be\/wabisabi\/wp-content\/uploads\/2020\/11\/121440930_201623361319276_7888095165230255731_o-576x1024.jpg 576w, http:\/\/www.cavigneaux.be\/wabisabi\/wp-content\/uploads\/2020\/11\/121440930_201623361319276_7888095165230255731_o-169x300.jpg 169w, http:\/\/www.cavigneaux.be\/wabisabi\/wp-content\/uploads\/2020\/11\/121440930_201623361319276_7888095165230255731_o-768x1366.jpg 768w, http:\/\/www.cavigneaux.be\/wabisabi\/wp-content\/uploads\/2020\/11\/121440930_201623361319276_7888095165230255731_o-864x1536.jpg 864w, http:\/\/www.cavigneaux.be\/wabisabi\/wp-content\/uploads\/2020\/11\/121440930_201623361319276_7888095165230255731_o-600x1067.jpg 600w, http:\/\/www.cavigneaux.be\/wabisabi\/wp-content\/uploads\/2020\/11\/121440930_201623361319276_7888095165230255731_o.jpg 1133w\" sizes=\"(max-width: 576px) 100vw, 576px\" \/><\/figure><\/li><li class=\"blocks-gallery-item\"><figure><img loading=\"lazy\" width=\"900\" height=\"600\" src=\"http:\/\/www.cavigneaux.be\/wabisabi\/wp-content\/uploads\/2020\/11\/LMDM_yuzu_face_bd.jpg\" alt=\"\" data-id=\"681\" data-full-url=\"http:\/\/www.cavigneaux.be\/wabisabi\/wp-content\/uploads\/2020\/11\/LMDM_yuzu_face_bd.jpg\" data-link=\"http:\/\/www.cavigneaux.be\/wabisabi\/index.php\/produits-2\/671-2\/lmdm_yuzu_face_bd\/\" class=\"wp-image-681\" srcset=\"http:\/\/www.cavigneaux.be\/wabisabi\/wp-content\/uploads\/2020\/11\/LMDM_yuzu_face_bd.jpg 900w, http:\/\/www.cavigneaux.be\/wabisabi\/wp-content\/uploads\/2020\/11\/LMDM_yuzu_face_bd-300x200.jpg 300w, http:\/\/www.cavigneaux.be\/wabisabi\/wp-content\/uploads\/2020\/11\/LMDM_yuzu_face_bd-768x512.jpg 768w, http:\/\/www.cavigneaux.be\/wabisabi\/wp-content\/uploads\/2020\/11\/LMDM_yuzu_face_bd-600x400.jpg 600w, http:\/\/www.cavigneaux.be\/wabisabi\/wp-content\/uploads\/2020\/11\/LMDM_yuzu_face_bd-240x160.jpg 240w, http:\/\/www.cavigneaux.be\/wabisabi\/wp-content\/uploads\/2020\/11\/LMDM_yuzu_face_bd-90x60.jpg 90w\" sizes=\"(max-width: 706px) 89vw, (max-width: 767px) 82vw, 740px\" \/><\/figure><\/li><\/ul><\/figure>\n<!-- \/wp:gallery --><\/div>\n\t\t\t\t<\/div>\n\t\t\t\t<\/div>\n\t\t\t\t\t\t<\/div>\n\t\t\t\t\t<\/div>\n\t\t<\/div>\n\t\t\t\t\t\t\t\t<\/div>\n\t\t\t\t\t<\/div>\n\t\t<\/section>\n\t\t\t\t\t\t<\/div>\n\t\t\t\t\t\t<\/div>\n\t\t\t\t\t<\/div>\n\t\t","protected":false},"excerpt":{"rendered":"<p>Un mochi au parfum de yuzu, joyau du Japon\u2026 Description Ingr\u00e9dients Description Le yuzu est l\u2019un des membres les plus pr\u00e9cieux de l\u2019extraordinaire famille des agrumes, son parfum d\u2019une extr\u00eame d\u00e9licatesse offre des notes in\u00e9dites d\u2019agrume et de fruit. Dans ce mochi, il vient aromatiser un coeur de shiroan, p\u00e2te de haricots blancs, qui est &hellip; <\/p>\n<p class=\"link-more\"><a href=\"http:\/\/www.cavigneaux.be\/wabisabi\/index.php\/produits-2\/671-2\/les-saveurs-nippones\/yuzu\/\" class=\"more-link\">Continue reading<span class=\"screen-reader-text\"> &#8220;Yuzu&#8221;<\/span><\/a><\/p>\n","protected":false},"author":1,"featured_media":0,"parent":774,"menu_order":1,"comment_status":"closed","ping_status":"closed","template":"","meta":[],"yoast_head":"<!-- This site is optimized with the Yoast SEO plugin v15.3 - https:\/\/yoast.com\/wordpress\/plugins\/seo\/ -->\n<title>Yuzu - Wabi.Sabi<\/title>\n<meta name=\"robots\" content=\"index, follow, max-snippet:-1, max-image-preview:large, max-video-preview:-1\" \/>\n<link rel=\"canonical\" href=\"http:\/\/www.cavigneaux.be\/wabisabi\/index.php\/produits-2\/671-2\/les-saveurs-nippones\/yuzu\/\" \/>\n<meta property=\"og:locale\" content=\"en_US\" \/>\n<meta property=\"og:type\" content=\"article\" \/>\n<meta property=\"og:title\" content=\"Yuzu - Wabi.Sabi\" \/>\n<meta property=\"og:description\" content=\"Un mochi au parfum de yuzu, joyau du Japon\u2026 Description Ingr\u00e9dients Description Le yuzu est l\u2019un des membres les plus pr\u00e9cieux de l\u2019extraordinaire famille des agrumes, son parfum d\u2019une extr\u00eame d\u00e9licatesse offre des notes in\u00e9dites d\u2019agrume et de fruit. Dans ce mochi, il vient aromatiser un coeur de shiroan, p\u00e2te de haricots blancs, qui est &hellip; Continue reading &quot;Yuzu&quot;\" \/>\n<meta property=\"og:url\" content=\"http:\/\/www.cavigneaux.be\/wabisabi\/index.php\/produits-2\/671-2\/les-saveurs-nippones\/yuzu\/\" \/>\n<meta property=\"og:site_name\" content=\"Wabi.Sabi\" \/>\n<meta property=\"article:modified_time\" content=\"2020-12-01T09:13:23+00:00\" \/>\n<meta property=\"og:image\" content=\"http:\/\/www.cavigneaux.be\/wabisabi\/wp-content\/uploads\/2020\/12\/mochi_yuzu.jpg\" \/>\n<meta name=\"twitter:card\" content=\"summary_large_image\" \/>\n<meta name=\"twitter:label1\" content=\"Written by\">\n\t<meta name=\"twitter:data1\" content=\"christophe\">\n\t<meta name=\"twitter:label2\" content=\"Est. reading time\">\n\t<meta name=\"twitter:data2\" content=\"1 minute\">\n<script type=\"application\/ld+json\" class=\"yoast-schema-graph\">{\"@context\":\"https:\/\/schema.org\",\"@graph\":[{\"@type\":\"WebSite\",\"@id\":\"http:\/\/www.cavigneaux.be\/wabisabi\/#website\",\"url\":\"http:\/\/www.cavigneaux.be\/wabisabi\/\",\"name\":\"Wabi.Sabi\",\"description\":\"Cuisine sant\\u00e9 s&#039;inspirant de la cuisine japonaise.\",\"potentialAction\":[{\"@type\":\"SearchAction\",\"target\":\"http:\/\/www.cavigneaux.be\/wabisabi\/?s={search_term_string}\",\"query-input\":\"required name=search_term_string\"}],\"inLanguage\":\"en-US\"},{\"@type\":\"ImageObject\",\"@id\":\"http:\/\/www.cavigneaux.be\/wabisabi\/index.php\/produits-2\/671-2\/les-saveurs-nippones\/yuzu\/#primaryimage\",\"inLanguage\":\"en-US\",\"url\":\"http:\/\/www.cavigneaux.be\/wabisabi\/wp-content\/uploads\/2020\/12\/mochi_yuzu.jpg\",\"width\":800,\"height\":533},{\"@type\":\"WebPage\",\"@id\":\"http:\/\/www.cavigneaux.be\/wabisabi\/index.php\/produits-2\/671-2\/les-saveurs-nippones\/yuzu\/#webpage\",\"url\":\"http:\/\/www.cavigneaux.be\/wabisabi\/index.php\/produits-2\/671-2\/les-saveurs-nippones\/yuzu\/\",\"name\":\"Yuzu - Wabi.Sabi\",\"isPartOf\":{\"@id\":\"http:\/\/www.cavigneaux.be\/wabisabi\/#website\"},\"primaryImageOfPage\":{\"@id\":\"http:\/\/www.cavigneaux.be\/wabisabi\/index.php\/produits-2\/671-2\/les-saveurs-nippones\/yuzu\/#primaryimage\"},\"datePublished\":\"2020-12-01T06:13:27+00:00\",\"dateModified\":\"2020-12-01T09:13:23+00:00\",\"inLanguage\":\"en-US\",\"potentialAction\":[{\"@type\":\"ReadAction\",\"target\":[\"http:\/\/www.cavigneaux.be\/wabisabi\/index.php\/produits-2\/671-2\/les-saveurs-nippones\/yuzu\/\"]}]}]}<\/script>\n<!-- \/ Yoast SEO plugin. -->","_links":{"self":[{"href":"http:\/\/www.cavigneaux.be\/wabisabi\/index.php\/wp-json\/wp\/v2\/pages\/762"}],"collection":[{"href":"http:\/\/www.cavigneaux.be\/wabisabi\/index.php\/wp-json\/wp\/v2\/pages"}],"about":[{"href":"http:\/\/www.cavigneaux.be\/wabisabi\/index.php\/wp-json\/wp\/v2\/types\/page"}],"author":[{"embeddable":true,"href":"http:\/\/www.cavigneaux.be\/wabisabi\/index.php\/wp-json\/wp\/v2\/users\/1"}],"replies":[{"embeddable":true,"href":"http:\/\/www.cavigneaux.be\/wabisabi\/index.php\/wp-json\/wp\/v2\/comments?post=762"}],"version-history":[{"count":6,"href":"http:\/\/www.cavigneaux.be\/wabisabi\/index.php\/wp-json\/wp\/v2\/pages\/762\/revisions"}],"predecessor-version":[{"id":1057,"href":"http:\/\/www.cavigneaux.be\/wabisabi\/index.php\/wp-json\/wp\/v2\/pages\/762\/revisions\/1057"}],"up":[{"embeddable":true,"href":"http:\/\/www.cavigneaux.be\/wabisabi\/index.php\/wp-json\/wp\/v2\/pages\/774"}],"wp:attachment":[{"href":"http:\/\/www.cavigneaux.be\/wabisabi\/index.php\/wp-json\/wp\/v2\/media?parent=762"}],"curies":[{"name":"wp","href":"https:\/\/api.w.org\/{rel}","templated":true}]}}