{"id":920,"date":"2020-12-01T19:03:15","date_gmt":"2020-12-01T18:03:15","guid":{"rendered":"http:\/\/www.cavigneaux.be\/wabisabi\/?page_id=920"},"modified":"2020-12-05T19:01:40","modified_gmt":"2020-12-05T18:01:40","slug":"acceuil-2","status":"publish","type":"page","link":"http:\/\/www.cavigneaux.be\/wabisabi\/","title":{"rendered":"Acceuil"},"content":{"rendered":"\n<div class=\"wp-block-group\"><div class=\"wp-block-group__inner-container\">\n<p style=\"text-align: center;\"><img loading=\"lazy\" class=\"aligncenter\" src=\"http:\/\/www.cavigneaux.be\/wabisabi\/wp-content\/uploads\/2020\/11\/78619773_110370003777946_9166212657869488128_o.jpg\" sizes=\"(max-width: 1024px) 100vw, 1024px\" srcset=\"http:\/\/www.cavigneaux.be\/wabisabi\/wp-content\/uploads\/2020\/11\/78619773_110370003777946_9166212657869488128_o.jpg 1024w, http:\/\/www.cavigneaux.be\/wabisabi\/wp-content\/uploads\/2020\/11\/78619773_110370003777946_9166212657869488128_o-300x296.jpg 300w, http:\/\/www.cavigneaux.be\/wabisabi\/wp-content\/uploads\/2020\/11\/78619773_110370003777946_9166212657869488128_o-768x759.jpg 768w, http:\/\/www.cavigneaux.be\/wabisabi\/wp-content\/uploads\/2020\/11\/78619773_110370003777946_9166212657869488128_o-600x593.jpg 600w\" alt=\"\" width=\"1024\" height=\"1012\" \/><br \/>Ayant v\u00e9cu au japon, j\u2019y ai appris la cuisine traditionnelle.<br \/>Soucieuse d\u2019une belle assiette sant\u00e9, je confectionne des Daifuku maison s\u2019inspirant de la cuisine japonaise.<br \/>Actuellement en formation au Cerden en nutrith\u00e9rapie, je sais que les journ\u00e9es sont courtes et le temps du repas souvent rabot\u00e9 par les al\u00e9as de la vie\u2026<br \/><br \/>Marie Bertrand<\/p>\n<p><img src=\"http:\/\/www.cavigneaux.be\/wabisabi\/wp-content\/uploads\/2020\/11\/120039052_196944805120465_6045677781063053956_n.jpg\" alt=\"\" data-lazy-src=\"http:\/\/www.cavigneaux.be\/wabisabi\/wp-content\/uploads\/2020\/11\/120039052_196944805120465_6045677781063053956_n.jpg\" \/><br \/><img src=\"http:\/\/www.cavigneaux.be\/wabisabi\/wp-content\/uploads\/2020\/11\/123026487_205442380937374_8882628271643790525_o.jpg\" alt=\"\" data-lazy-src=\"http:\/\/www.cavigneaux.be\/wabisabi\/wp-content\/uploads\/2020\/11\/123026487_205442380937374_8882628271643790525_o.jpg\" \/><br \/><br \/><br \/><br \/><\/p>\n<\/div><\/div>\n\n\n\n<p><\/p>\n","protected":false},"excerpt":{"rendered":"","protected":false},"author":1,"featured_media":0,"parent":0,"menu_order":0,"comment_status":"closed","ping_status":"closed","template":"","meta":[],"yoast_head":"<!-- This site is optimized with the Yoast SEO plugin v15.3 - https:\/\/yoast.com\/wordpress\/plugins\/seo\/ -->\n<title>Acceuil - Wabi.Sabi<\/title>\n<meta name=\"robots\" content=\"index, follow, max-snippet:-1, max-image-preview:large, max-video-preview:-1\" \/>\n<link rel=\"canonical\" href=\"http:\/\/www.cavigneaux.be\/wabisabi\/\" \/>\n<meta property=\"og:locale\" content=\"en_US\" \/>\n<meta property=\"og:type\" content=\"article\" \/>\n<meta property=\"og:title\" content=\"Acceuil - Wabi.Sabi\" \/>\n<meta property=\"og:url\" content=\"http:\/\/www.cavigneaux.be\/wabisabi\/\" \/>\n<meta property=\"og:site_name\" content=\"Wabi.Sabi\" \/>\n<meta property=\"article:modified_time\" content=\"2020-12-05T18:01:40+00:00\" \/>\n<meta property=\"og:image\" content=\"http:\/\/www.cavigneaux.be\/wabisabi\/wp-content\/uploads\/2020\/11\/78619773_110370003777946_9166212657869488128_o.jpg\" \/>\n<meta name=\"twitter:card\" content=\"summary_large_image\" \/>\n<meta name=\"twitter:label1\" content=\"Written by\">\n\t<meta name=\"twitter:data1\" content=\"christophe\">\n\t<meta name=\"twitter:label2\" content=\"Est. reading time\">\n\t<meta name=\"twitter:data2\" content=\"0 minutes\">\n<script type=\"application\/ld+json\" class=\"yoast-schema-graph\">{\"@context\":\"https:\/\/schema.org\",\"@graph\":[{\"@type\":\"WebSite\",\"@id\":\"http:\/\/www.cavigneaux.be\/wabisabi\/#website\",\"url\":\"http:\/\/www.cavigneaux.be\/wabisabi\/\",\"name\":\"Wabi.Sabi\",\"description\":\"Cuisine sant\\u00e9 s&#039;inspirant de la cuisine japonaise.\",\"potentialAction\":[{\"@type\":\"SearchAction\",\"target\":\"http:\/\/www.cavigneaux.be\/wabisabi\/?s={search_term_string}\",\"query-input\":\"required name=search_term_string\"}],\"inLanguage\":\"en-US\"},{\"@type\":\"ImageObject\",\"@id\":\"http:\/\/www.cavigneaux.be\/wabisabi\/#primaryimage\",\"inLanguage\":\"en-US\",\"url\":\"http:\/\/www.cavigneaux.be\/wabisabi\/wp-content\/uploads\/2020\/11\/78619773_110370003777946_9166212657869488128_o.jpg\",\"width\":1024,\"height\":1012},{\"@type\":\"WebPage\",\"@id\":\"http:\/\/www.cavigneaux.be\/wabisabi\/#webpage\",\"url\":\"http:\/\/www.cavigneaux.be\/wabisabi\/\",\"name\":\"Acceuil - Wabi.Sabi\",\"isPartOf\":{\"@id\":\"http:\/\/www.cavigneaux.be\/wabisabi\/#website\"},\"primaryImageOfPage\":{\"@id\":\"http:\/\/www.cavigneaux.be\/wabisabi\/#primaryimage\"},\"datePublished\":\"2020-12-01T18:03:15+00:00\",\"dateModified\":\"2020-12-05T18:01:40+00:00\",\"inLanguage\":\"en-US\",\"potentialAction\":[{\"@type\":\"ReadAction\",\"target\":[\"http:\/\/www.cavigneaux.be\/wabisabi\/\"]}]}]}<\/script>\n<!-- \/ Yoast SEO plugin. -->","_links":{"self":[{"href":"http:\/\/www.cavigneaux.be\/wabisabi\/index.php\/wp-json\/wp\/v2\/pages\/920"}],"collection":[{"href":"http:\/\/www.cavigneaux.be\/wabisabi\/index.php\/wp-json\/wp\/v2\/pages"}],"about":[{"href":"http:\/\/www.cavigneaux.be\/wabisabi\/index.php\/wp-json\/wp\/v2\/types\/page"}],"author":[{"embeddable":true,"href":"http:\/\/www.cavigneaux.be\/wabisabi\/index.php\/wp-json\/wp\/v2\/users\/1"}],"replies":[{"embeddable":true,"href":"http:\/\/www.cavigneaux.be\/wabisabi\/index.php\/wp-json\/wp\/v2\/comments?post=920"}],"version-history":[{"count":18,"href":"http:\/\/www.cavigneaux.be\/wabisabi\/index.php\/wp-json\/wp\/v2\/pages\/920\/revisions"}],"predecessor-version":[{"id":947,"href":"http:\/\/www.cavigneaux.be\/wabisabi\/index.php\/wp-json\/wp\/v2\/pages\/920\/revisions\/947"}],"wp:attachment":[{"href":"http:\/\/www.cavigneaux.be\/wabisabi\/index.php\/wp-json\/wp\/v2\/media?parent=920"}],"curies":[{"name":"wp","href":"https:\/\/api.w.org\/{rel}","templated":true}]}}