{"id":785,"date":"2020-12-01T10:25:18","date_gmt":"2020-12-01T09:25:18","guid":{"rendered":"http:\/\/www.cavigneaux.be\/wabisabi\/?page_id=785"},"modified":"2020-12-01T10:25:52","modified_gmt":"2020-12-01T09:25:52","slug":"guide-de-degustation","status":"publish","type":"page","link":"https:\/\/www.cavigneaux.be\/wabisabi\/index.php\/produits-2\/671-2\/guide-de-degustation\/","title":{"rendered":"Guide de D\u00e9gustation"},"content":{"rendered":"\n<h3>Comment d\u00e9guster un mochi<\/h3>\n\n\n\n<div class=\"wp-block-media-text alignwide is-stacked-on-mobile\" style=\"grid-template-columns:30% auto\"><figure class=\"wp-block-media-text__media\"><img loading=\"lazy\" width=\"447\" height=\"447\" src=\"http:\/\/www.cavigneaux.be\/wabisabi\/wp-content\/uploads\/2020\/12\/1_degustation2.png\" alt=\"\" class=\"wp-image-786\" srcset=\"https:\/\/www.cavigneaux.be\/wabisabi\/wp-content\/uploads\/2020\/12\/1_degustation2.png 447w, https:\/\/www.cavigneaux.be\/wabisabi\/wp-content\/uploads\/2020\/12\/1_degustation2-300x300.png 300w, https:\/\/www.cavigneaux.be\/wabisabi\/wp-content\/uploads\/2020\/12\/1_degustation2-150x150.png 150w, https:\/\/www.cavigneaux.be\/wabisabi\/wp-content\/uploads\/2020\/12\/1_degustation2-160x160.png 160w, https:\/\/www.cavigneaux.be\/wabisabi\/wp-content\/uploads\/2020\/12\/1_degustation2-60x60.png 60w\" sizes=\"(max-width: 447px) 100vw, 447px\" \/><\/figure><div class=\"wp-block-media-text__content\">\n<h5 class=\"has-text-align-center\">1<\/h5>\n\n\n\n<p class=\"has-text-align-center\">Avant de servir, roulez d\u00e9licatement chaque mochi entre vos mains propres et s\u00e8ches. Vous leur donnerez ainsi une belle forme ronde.<\/p>\n<\/div><\/div>\n\n\n\n<div class=\"wp-block-media-text alignwide is-stacked-on-mobile\" style=\"grid-template-columns:32% auto\"><figure class=\"wp-block-media-text__media\"><img loading=\"lazy\" width=\"447\" height=\"447\" src=\"http:\/\/www.cavigneaux.be\/wabisabi\/wp-content\/uploads\/2020\/12\/2_degustation.png\" alt=\"\" class=\"wp-image-787\" srcset=\"https:\/\/www.cavigneaux.be\/wabisabi\/wp-content\/uploads\/2020\/12\/2_degustation.png 447w, https:\/\/www.cavigneaux.be\/wabisabi\/wp-content\/uploads\/2020\/12\/2_degustation-300x300.png 300w, https:\/\/www.cavigneaux.be\/wabisabi\/wp-content\/uploads\/2020\/12\/2_degustation-150x150.png 150w, https:\/\/www.cavigneaux.be\/wabisabi\/wp-content\/uploads\/2020\/12\/2_degustation-160x160.png 160w, https:\/\/www.cavigneaux.be\/wabisabi\/wp-content\/uploads\/2020\/12\/2_degustation-60x60.png 60w\" sizes=\"(max-width: 447px) 100vw, 447px\" \/><\/figure><div class=\"wp-block-media-text__content\">\n<h5 class=\"has-text-align-center\">2<\/h5>\n\n\n\n<p class=\"has-text-align-center\">Saisissez le mochi de votre choix \u00e0 la main et appr\u00e9ciez sa texture souple et douce comme une peau de p\u00eache<\/p>\n<\/div><\/div>\n\n\n\n<div class=\"wp-block-media-text alignwide is-stacked-on-mobile\" style=\"grid-template-columns:33% auto\"><figure class=\"wp-block-media-text__media\"><img loading=\"lazy\" width=\"447\" height=\"447\" src=\"http:\/\/www.cavigneaux.be\/wabisabi\/wp-content\/uploads\/2020\/12\/3_degustation.png\" alt=\"\" class=\"wp-image-788\" srcset=\"https:\/\/www.cavigneaux.be\/wabisabi\/wp-content\/uploads\/2020\/12\/3_degustation.png 447w, https:\/\/www.cavigneaux.be\/wabisabi\/wp-content\/uploads\/2020\/12\/3_degustation-300x300.png 300w, https:\/\/www.cavigneaux.be\/wabisabi\/wp-content\/uploads\/2020\/12\/3_degustation-150x150.png 150w, https:\/\/www.cavigneaux.be\/wabisabi\/wp-content\/uploads\/2020\/12\/3_degustation-160x160.png 160w, https:\/\/www.cavigneaux.be\/wabisabi\/wp-content\/uploads\/2020\/12\/3_degustation-60x60.png 60w\" sizes=\"(max-width: 447px) 100vw, 447px\" \/><\/figure><div class=\"wp-block-media-text__content\">\n<h5 class=\"has-text-align-center\">3<\/h5>\n\n\n\n<p class=\"has-text-align-center\">Go\u00fbtez : en bouche, l\u2019enveloppe \u00e9lastique c\u00e8de sous la dent pour d\u00e9voiler un c\u0153ur onctueux \u00e0 la texture in\u00e9dite<\/p>\n<\/div><\/div>\n\n\n\n<p><\/p>\n","protected":false},"excerpt":{"rendered":"<p>Comment d\u00e9guster un mochi 1 Avant de servir, roulez d\u00e9licatement chaque mochi entre vos mains propres et s\u00e8ches. Vous leur donnerez ainsi une belle forme ronde. 2 Saisissez le mochi de votre choix \u00e0 la main et appr\u00e9ciez sa texture souple et douce comme une peau de p\u00eache 3 Go\u00fbtez : en bouche, l\u2019enveloppe \u00e9lastique &hellip; <\/p>\n<p class=\"link-more\"><a href=\"https:\/\/www.cavigneaux.be\/wabisabi\/index.php\/produits-2\/671-2\/guide-de-degustation\/\" class=\"more-link\">Continue reading<span class=\"screen-reader-text\"> &#8220;Guide de D\u00e9gustation&#8221;<\/span><\/a><\/p>\n","protected":false},"author":1,"featured_media":0,"parent":671,"menu_order":0,"comment_status":"closed","ping_status":"closed","template":"","meta":[],"yoast_head":"<!-- This site is optimized with the Yoast SEO plugin v15.3 - https:\/\/yoast.com\/wordpress\/plugins\/seo\/ -->\n<title>Guide de D\u00e9gustation - Wabi.Sabi<\/title>\n<meta name=\"robots\" content=\"index, follow, max-snippet:-1, max-image-preview:large, max-video-preview:-1\" \/>\n<link rel=\"canonical\" href=\"https:\/\/www.cavigneaux.be\/wabisabi\/index.php\/produits-2\/671-2\/guide-de-degustation\/\" \/>\n<meta property=\"og:locale\" content=\"en_US\" \/>\n<meta property=\"og:type\" content=\"article\" \/>\n<meta property=\"og:title\" content=\"Guide de D\u00e9gustation - Wabi.Sabi\" \/>\n<meta property=\"og:description\" content=\"Comment d\u00e9guster un mochi 1 Avant de servir, roulez d\u00e9licatement chaque mochi entre vos mains propres et s\u00e8ches. Vous leur donnerez ainsi une belle forme ronde. 2 Saisissez le mochi de votre choix \u00e0 la main et appr\u00e9ciez sa texture souple et douce comme une peau de p\u00eache 3 Go\u00fbtez : en bouche, l\u2019enveloppe \u00e9lastique &hellip; Continue reading &quot;Guide de D\u00e9gustation&quot;\" \/>\n<meta property=\"og:url\" content=\"https:\/\/www.cavigneaux.be\/wabisabi\/index.php\/produits-2\/671-2\/guide-de-degustation\/\" \/>\n<meta property=\"og:site_name\" content=\"Wabi.Sabi\" \/>\n<meta property=\"article:modified_time\" content=\"2020-12-01T09:25:52+00:00\" \/>\n<meta property=\"og:image\" content=\"http:\/\/www.cavigneaux.be\/wabisabi\/wp-content\/uploads\/2020\/12\/1_degustation2.png\" \/>\n<meta name=\"twitter:card\" content=\"summary_large_image\" \/>\n<meta name=\"twitter:label1\" content=\"Written by\">\n\t<meta name=\"twitter:data1\" content=\"christophe\">\n\t<meta name=\"twitter:label2\" content=\"Est. reading time\">\n\t<meta name=\"twitter:data2\" content=\"0 minutes\">\n<script type=\"application\/ld+json\" class=\"yoast-schema-graph\">{\"@context\":\"https:\/\/schema.org\",\"@graph\":[{\"@type\":\"WebSite\",\"@id\":\"http:\/\/www.cavigneaux.be\/wabisabi\/#website\",\"url\":\"http:\/\/www.cavigneaux.be\/wabisabi\/\",\"name\":\"Wabi.Sabi\",\"description\":\"Cuisine sant\\u00e9 s&#039;inspirant de la cuisine japonaise.\",\"potentialAction\":[{\"@type\":\"SearchAction\",\"target\":\"http:\/\/www.cavigneaux.be\/wabisabi\/?s={search_term_string}\",\"query-input\":\"required name=search_term_string\"}],\"inLanguage\":\"en-US\"},{\"@type\":\"ImageObject\",\"@id\":\"https:\/\/www.cavigneaux.be\/wabisabi\/index.php\/produits-2\/671-2\/guide-de-degustation\/#primaryimage\",\"inLanguage\":\"en-US\",\"url\":\"http:\/\/www.cavigneaux.be\/wabisabi\/wp-content\/uploads\/2020\/12\/1_degustation2.png\"},{\"@type\":\"WebPage\",\"@id\":\"https:\/\/www.cavigneaux.be\/wabisabi\/index.php\/produits-2\/671-2\/guide-de-degustation\/#webpage\",\"url\":\"https:\/\/www.cavigneaux.be\/wabisabi\/index.php\/produits-2\/671-2\/guide-de-degustation\/\",\"name\":\"Guide de D\\u00e9gustation - Wabi.Sabi\",\"isPartOf\":{\"@id\":\"http:\/\/www.cavigneaux.be\/wabisabi\/#website\"},\"primaryImageOfPage\":{\"@id\":\"https:\/\/www.cavigneaux.be\/wabisabi\/index.php\/produits-2\/671-2\/guide-de-degustation\/#primaryimage\"},\"datePublished\":\"2020-12-01T09:25:18+00:00\",\"dateModified\":\"2020-12-01T09:25:52+00:00\",\"inLanguage\":\"en-US\",\"potentialAction\":[{\"@type\":\"ReadAction\",\"target\":[\"https:\/\/www.cavigneaux.be\/wabisabi\/index.php\/produits-2\/671-2\/guide-de-degustation\/\"]}]}]}<\/script>\n<!-- \/ Yoast SEO plugin. -->","_links":{"self":[{"href":"https:\/\/www.cavigneaux.be\/wabisabi\/index.php\/wp-json\/wp\/v2\/pages\/785"}],"collection":[{"href":"https:\/\/www.cavigneaux.be\/wabisabi\/index.php\/wp-json\/wp\/v2\/pages"}],"about":[{"href":"https:\/\/www.cavigneaux.be\/wabisabi\/index.php\/wp-json\/wp\/v2\/types\/page"}],"author":[{"embeddable":true,"href":"https:\/\/www.cavigneaux.be\/wabisabi\/index.php\/wp-json\/wp\/v2\/users\/1"}],"replies":[{"embeddable":true,"href":"https:\/\/www.cavigneaux.be\/wabisabi\/index.php\/wp-json\/wp\/v2\/comments?post=785"}],"version-history":[{"count":1,"href":"https:\/\/www.cavigneaux.be\/wabisabi\/index.php\/wp-json\/wp\/v2\/pages\/785\/revisions"}],"predecessor-version":[{"id":789,"href":"https:\/\/www.cavigneaux.be\/wabisabi\/index.php\/wp-json\/wp\/v2\/pages\/785\/revisions\/789"}],"up":[{"embeddable":true,"href":"https:\/\/www.cavigneaux.be\/wabisabi\/index.php\/wp-json\/wp\/v2\/pages\/671"}],"wp:attachment":[{"href":"https:\/\/www.cavigneaux.be\/wabisabi\/index.php\/wp-json\/wp\/v2\/media?parent=785"}],"curies":[{"name":"wp","href":"https:\/\/api.w.org\/{rel}","templated":true}]}}